{"id":26045,"date":"2022-06-24T14:41:26","date_gmt":"2022-06-24T12:41:26","guid":{"rendered":"http:\/\/www.hapy-com.fr\/echoppe\/product\/necessaire-trevi-4\/"},"modified":"2022-06-24T14:41:26","modified_gmt":"2022-06-24T12:41:26","slug":"necessaire-trevi-4","status":"publish","type":"product","link":"https:\/\/www.hapy-com.fr\/echoppe\/product\/necessaire-trevi-4\/","title":{"rendered":"N\u00e9cessaire Trevi"},"content":{"rendered":"<p>Trousse de toilette multi-fonctions en polyester 600D propos\u00e9e en couleurs vives. Avec fermeture zipp\u00e9e, anse de transport et liser\u00e9 de renfort assortis.<\/p>\n","protected":false},"excerpt":{"rendered":"<p>Trousse de toilette multi-fonctions en polyester 600D propos\u00e9e en couleurs vives. Avec fermeture zipp\u00e9e, anse de transport et liser\u00e9 de renfort assortis.<\/p>\n","protected":false},"featured_media":26044,"template":"","meta":[],"product_cat":[338],"product_tag":[],"class_list":{"0":"post-26045","1":"product","2":"type-product","3":"status-publish","4":"has-post-thumbnail","6":"product_cat-voyage-bagagerie","8":"first","9":"instock","10":"shipping-taxable","11":"purchasable","12":"product-type-simple"},"_links":{"self":[{"href":"https:\/\/www.hapy-com.fr\/echoppe\/wp-json\/wp\/v2\/product\/26045","targetHints":{"allow":["GET"]}}],"collection":[{"href":"https:\/\/www.hapy-com.fr\/echoppe\/wp-json\/wp\/v2\/product"}],"about":[{"href":"https:\/\/www.hapy-com.fr\/echoppe\/wp-json\/wp\/v2\/types\/product"}],"wp:featuredmedia":[{"embeddable":true,"href":"https:\/\/www.hapy-com.fr\/echoppe\/wp-json\/wp\/v2\/media\/26044"}],"wp:attachment":[{"href":"https:\/\/www.hapy-com.fr\/echoppe\/wp-json\/wp\/v2\/media?parent=26045"}],"wp:term":[{"taxonomy":"product_cat","embeddable":true,"href":"https:\/\/www.hapy-com.fr\/echoppe\/wp-json\/wp\/v2\/product_cat?post=26045"},{"taxonomy":"product_tag","embeddable":true,"href":"https:\/\/www.hapy-com.fr\/echoppe\/wp-json\/wp\/v2\/product_tag?post=26045"}],"curies":[{"name":"wp","href":"https:\/\/api.w.org\/{rel}","templated":true}]}}