{"id":26051,"date":"2022-06-24T14:41:31","date_gmt":"2022-06-24T12:41:31","guid":{"rendered":"http:\/\/www.hapy-com.fr\/echoppe\/product\/traducteur-elam\/"},"modified":"2022-06-24T14:41:31","modified_gmt":"2022-06-24T12:41:31","slug":"traducteur-elam","status":"publish","type":"product","link":"https:\/\/www.hapy-com.fr\/echoppe\/product\/traducteur-elam\/","title":{"rendered":"Traducteur Elam"},"content":{"rendered":"<p>Traducteur de poche avec \u00e9cran LCD et taille compacte. Espagnol, anglais, allemand, Fran\u00e7ais, italien, n\u00e9erlandais et portugais. Avec capuchon de protection et fonction de calculatrice. Piles de bouton incluses et pr\u00e9sent\u00e9es dans la bo\u00eete individuelle.<\/p>\n","protected":false},"excerpt":{"rendered":"<p>Traducteur de poche avec \u00e9cran LCD et taille compacte. Espagnol, anglais, allemand, Fran\u00e7ais, italien, n\u00e9erlandais et portugais. Avec capuchon de protection et fonction de calculatrice. Piles de bouton incluses et&#8230;<\/p>\n","protected":false},"featured_media":26050,"template":"","meta":[],"product_cat":[338],"product_tag":[],"class_list":{"0":"post-26051","1":"product","2":"type-product","3":"status-publish","4":"has-post-thumbnail","6":"product_cat-voyage-bagagerie","8":"first","9":"instock","10":"shipping-taxable","11":"purchasable","12":"product-type-simple"},"_links":{"self":[{"href":"https:\/\/www.hapy-com.fr\/echoppe\/wp-json\/wp\/v2\/product\/26051","targetHints":{"allow":["GET"]}}],"collection":[{"href":"https:\/\/www.hapy-com.fr\/echoppe\/wp-json\/wp\/v2\/product"}],"about":[{"href":"https:\/\/www.hapy-com.fr\/echoppe\/wp-json\/wp\/v2\/types\/product"}],"wp:featuredmedia":[{"embeddable":true,"href":"https:\/\/www.hapy-com.fr\/echoppe\/wp-json\/wp\/v2\/media\/26050"}],"wp:attachment":[{"href":"https:\/\/www.hapy-com.fr\/echoppe\/wp-json\/wp\/v2\/media?parent=26051"}],"wp:term":[{"taxonomy":"product_cat","embeddable":true,"href":"https:\/\/www.hapy-com.fr\/echoppe\/wp-json\/wp\/v2\/product_cat?post=26051"},{"taxonomy":"product_tag","embeddable":true,"href":"https:\/\/www.hapy-com.fr\/echoppe\/wp-json\/wp\/v2\/product_tag?post=26051"}],"curies":[{"name":"wp","href":"https:\/\/api.w.org\/{rel}","templated":true}]}}