{"id":26087,"date":"2022-06-24T14:42:01","date_gmt":"2022-06-24T12:42:01","guid":{"rendered":"http:\/\/www.hapy-com.fr\/echoppe\/product\/sac-sendur\/"},"modified":"2022-06-24T14:42:01","modified_gmt":"2022-06-24T12:42:01","slug":"sac-sendur","status":"publish","type":"product","link":"https:\/\/www.hapy-com.fr\/echoppe\/product\/sac-sendur\/","title":{"rendered":"Sac Sendur"},"content":{"rendered":"<p>Sac multi-fonctions en polyester r\u00e9sistant 600D de propos\u00e9 dans des coloris vifs avec accessoires assortis. Compartiment ind\u00e9pendant avec fermeture zipp\u00e9e pour les chaussures, passepoils renforc\u00e9s blancs. Compartiment principal avec fermeture \u00e9clair, poign\u00e9e de transport renforc\u00e9e avec fermeture velcro et poche frontale zipp\u00e9e. Bandouli\u00e8re r\u00e9glable avec fixation par 2 mousquetons et \u00e9pauli\u00e8re de protection. Base renforc\u00e9e avec pieds en gomme antid\u00e9rapante.<\/p>\n","protected":false},"excerpt":{"rendered":"<p>Sac multi-fonctions en polyester r\u00e9sistant 600D de propos\u00e9 dans des coloris vifs avec accessoires assortis. Compartiment ind\u00e9pendant avec fermeture zipp\u00e9e pour les chaussures, passepoils renforc\u00e9s blancs. Compartiment principal avec fermeture&#8230;<\/p>\n","protected":false},"featured_media":26085,"template":"","meta":[],"product_cat":[338],"product_tag":[],"class_list":{"0":"post-26087","1":"product","2":"type-product","3":"status-publish","4":"has-post-thumbnail","6":"product_cat-voyage-bagagerie","8":"first","9":"instock","10":"shipping-taxable","11":"purchasable","12":"product-type-simple"},"_links":{"self":[{"href":"https:\/\/www.hapy-com.fr\/echoppe\/wp-json\/wp\/v2\/product\/26087","targetHints":{"allow":["GET"]}}],"collection":[{"href":"https:\/\/www.hapy-com.fr\/echoppe\/wp-json\/wp\/v2\/product"}],"about":[{"href":"https:\/\/www.hapy-com.fr\/echoppe\/wp-json\/wp\/v2\/types\/product"}],"wp:featuredmedia":[{"embeddable":true,"href":"https:\/\/www.hapy-com.fr\/echoppe\/wp-json\/wp\/v2\/media\/26085"}],"wp:attachment":[{"href":"https:\/\/www.hapy-com.fr\/echoppe\/wp-json\/wp\/v2\/media?parent=26087"}],"wp:term":[{"taxonomy":"product_cat","embeddable":true,"href":"https:\/\/www.hapy-com.fr\/echoppe\/wp-json\/wp\/v2\/product_cat?post=26087"},{"taxonomy":"product_tag","embeddable":true,"href":"https:\/\/www.hapy-com.fr\/echoppe\/wp-json\/wp\/v2\/product_tag?post=26087"}],"curies":[{"name":"wp","href":"https:\/\/api.w.org\/{rel}","templated":true}]}}