{"id":26106,"date":"2022-06-24T14:42:17","date_gmt":"2022-06-24T12:42:17","guid":{"rendered":"http:\/\/www.hapy-com.fr\/echoppe\/product\/set-voyage-plonet\/"},"modified":"2022-06-24T14:42:17","modified_gmt":"2022-06-24T12:42:17","slug":"set-voyage-plonet","status":"publish","type":"product","link":"https:\/\/www.hapy-com.fr\/echoppe\/product\/set-voyage-plonet\/","title":{"rendered":"Set Voyage Plonet"},"content":{"rendered":"<p>Set de voyage comprenant 3 accessoires pr\u00e9sent\u00e9s dans un \u00e9tui doux en su\u00e9dine, propos\u00e9 en couleurs vives. Comprend un masque en microfibre noire douce et confortable avec 2 \u00e9lastiques assortis pour r\u00e9glage, un oreiller cervical gonflable en su\u00e9dine, ainsi que de confortables bouchons d\u00b4oreilles en EVA, coloris orange.<\/p>\n","protected":false},"excerpt":{"rendered":"<p>Set de voyage comprenant 3 accessoires pr\u00e9sent\u00e9s dans un \u00e9tui doux en su\u00e9dine, propos\u00e9 en couleurs vives. Comprend un masque en microfibre noire douce et confortable avec 2 \u00e9lastiques assortis&#8230;<\/p>\n","protected":false},"featured_media":26105,"template":"","meta":[],"product_cat":[338],"product_tag":[],"class_list":{"0":"post-26106","1":"product","2":"type-product","3":"status-publish","4":"has-post-thumbnail","6":"product_cat-voyage-bagagerie","8":"first","9":"instock","10":"shipping-taxable","11":"purchasable","12":"product-type-simple"},"_links":{"self":[{"href":"https:\/\/www.hapy-com.fr\/echoppe\/wp-json\/wp\/v2\/product\/26106","targetHints":{"allow":["GET"]}}],"collection":[{"href":"https:\/\/www.hapy-com.fr\/echoppe\/wp-json\/wp\/v2\/product"}],"about":[{"href":"https:\/\/www.hapy-com.fr\/echoppe\/wp-json\/wp\/v2\/types\/product"}],"wp:featuredmedia":[{"embeddable":true,"href":"https:\/\/www.hapy-com.fr\/echoppe\/wp-json\/wp\/v2\/media\/26105"}],"wp:attachment":[{"href":"https:\/\/www.hapy-com.fr\/echoppe\/wp-json\/wp\/v2\/media?parent=26106"}],"wp:term":[{"taxonomy":"product_cat","embeddable":true,"href":"https:\/\/www.hapy-com.fr\/echoppe\/wp-json\/wp\/v2\/product_cat?post=26106"},{"taxonomy":"product_tag","embeddable":true,"href":"https:\/\/www.hapy-com.fr\/echoppe\/wp-json\/wp\/v2\/product_tag?post=26106"}],"curies":[{"name":"wp","href":"https:\/\/api.w.org\/{rel}","templated":true}]}}