{"id":26122,"date":"2022-06-24T14:42:31","date_gmt":"2022-06-24T12:42:31","guid":{"rendered":"http:\/\/www.hapy-com.fr\/echoppe\/product\/sac-chaussures-recco-2\/"},"modified":"2022-06-24T14:42:31","modified_gmt":"2022-06-24T12:42:31","slug":"sac-chaussures-recco-2","status":"publish","type":"product","link":"https:\/\/www.hapy-com.fr\/echoppe\/product\/sac-chaussures-recco-2\/","title":{"rendered":"Sac Chaussures Recco"},"content":{"rendered":"<p>Sac \u00e0 chaussures en intiss\u00e9. Large gamme de couleurs vives. Avec fermeture zipp\u00e9e et poign\u00e9e de transport noire pratique assorties.<\/p>\n","protected":false},"excerpt":{"rendered":"<p>Sac \u00e0 chaussures en intiss\u00e9. Large gamme de couleurs vives. Avec fermeture zipp\u00e9e et poign\u00e9e de transport noire pratique assorties.<\/p>\n","protected":false},"featured_media":26121,"template":"","meta":[],"product_cat":[338],"product_tag":[],"class_list":{"0":"post-26122","1":"product","2":"type-product","3":"status-publish","4":"has-post-thumbnail","6":"product_cat-voyage-bagagerie","8":"first","9":"instock","10":"shipping-taxable","11":"purchasable","12":"product-type-simple"},"_links":{"self":[{"href":"https:\/\/www.hapy-com.fr\/echoppe\/wp-json\/wp\/v2\/product\/26122","targetHints":{"allow":["GET"]}}],"collection":[{"href":"https:\/\/www.hapy-com.fr\/echoppe\/wp-json\/wp\/v2\/product"}],"about":[{"href":"https:\/\/www.hapy-com.fr\/echoppe\/wp-json\/wp\/v2\/types\/product"}],"wp:featuredmedia":[{"embeddable":true,"href":"https:\/\/www.hapy-com.fr\/echoppe\/wp-json\/wp\/v2\/media\/26121"}],"wp:attachment":[{"href":"https:\/\/www.hapy-com.fr\/echoppe\/wp-json\/wp\/v2\/media?parent=26122"}],"wp:term":[{"taxonomy":"product_cat","embeddable":true,"href":"https:\/\/www.hapy-com.fr\/echoppe\/wp-json\/wp\/v2\/product_cat?post=26122"},{"taxonomy":"product_tag","embeddable":true,"href":"https:\/\/www.hapy-com.fr\/echoppe\/wp-json\/wp\/v2\/product_tag?post=26122"}],"curies":[{"name":"wp","href":"https:\/\/api.w.org\/{rel}","templated":true}]}}