{"id":26133,"date":"2022-06-24T14:42:41","date_gmt":"2022-06-24T12:42:41","guid":{"rendered":"http:\/\/www.hapy-com.fr\/echoppe\/product\/porte-costumes-kibix-2\/"},"modified":"2022-06-24T14:42:41","modified_gmt":"2022-06-24T12:42:41","slug":"porte-costumes-kibix-2","status":"publish","type":"product","link":"https:\/\/www.hapy-com.fr\/echoppe\/product\/porte-costumes-kibix-2\/","title":{"rendered":"Porte-Costumes Kibix"},"content":{"rendered":"<p>Housse vetement en PEVA souple, coloris vari\u00e9s. Avec fermeture zipp\u00e9e assortie et anneau m\u00e9tal renforc\u00e9 pour le cintre.<\/p>\n","protected":false},"excerpt":{"rendered":"<p>Housse vetement en PEVA souple, coloris vari\u00e9s. Avec fermeture zipp\u00e9e assortie et anneau m\u00e9tal renforc\u00e9 pour le cintre.<\/p>\n","protected":false},"featured_media":26132,"template":"","meta":[],"product_cat":[338],"product_tag":[],"class_list":{"0":"post-26133","1":"product","2":"type-product","3":"status-publish","4":"has-post-thumbnail","6":"product_cat-voyage-bagagerie","8":"first","9":"instock","10":"shipping-taxable","11":"purchasable","12":"product-type-simple"},"_links":{"self":[{"href":"https:\/\/www.hapy-com.fr\/echoppe\/wp-json\/wp\/v2\/product\/26133","targetHints":{"allow":["GET"]}}],"collection":[{"href":"https:\/\/www.hapy-com.fr\/echoppe\/wp-json\/wp\/v2\/product"}],"about":[{"href":"https:\/\/www.hapy-com.fr\/echoppe\/wp-json\/wp\/v2\/types\/product"}],"wp:featuredmedia":[{"embeddable":true,"href":"https:\/\/www.hapy-com.fr\/echoppe\/wp-json\/wp\/v2\/media\/26132"}],"wp:attachment":[{"href":"https:\/\/www.hapy-com.fr\/echoppe\/wp-json\/wp\/v2\/media?parent=26133"}],"wp:term":[{"taxonomy":"product_cat","embeddable":true,"href":"https:\/\/www.hapy-com.fr\/echoppe\/wp-json\/wp\/v2\/product_cat?post=26133"},{"taxonomy":"product_tag","embeddable":true,"href":"https:\/\/www.hapy-com.fr\/echoppe\/wp-json\/wp\/v2\/product_tag?post=26133"}],"curies":[{"name":"wp","href":"https:\/\/api.w.org\/{rel}","templated":true}]}}