{"id":26152,"date":"2022-06-24T14:42:55","date_gmt":"2022-06-24T12:42:55","guid":{"rendered":"http:\/\/www.hapy-com.fr\/echoppe\/product\/sac-trolley-nevis-3\/"},"modified":"2022-06-24T14:42:55","modified_gmt":"2022-06-24T12:42:55","slug":"sac-trolley-nevis-3","status":"publish","type":"product","link":"https:\/\/www.hapy-com.fr\/echoppe\/product\/sac-trolley-nevis-3\/","title":{"rendered":"Sac Trolley Nevis"},"content":{"rendered":"<p>Sac Trolley \u00e0 roulettes \u00e0 2 roues en polyester 600D disponible en diff\u00e9rentes couleurs avec passepoil renforc\u00e9 et accessoires en gris. Compartiment principal zipp\u00e9 avec double curseur, deux poches ext\u00e9rieures avec fermeture zipp\u00e9e et poign\u00e9es de transport avec rivets de renfort en nylon r\u00e9sistant avec velcro assorti.<\/p>\n","protected":false},"excerpt":{"rendered":"<p>Sac Trolley \u00e0 roulettes \u00e0 2 roues en polyester 600D disponible en diff\u00e9rentes couleurs avec passepoil renforc\u00e9 et accessoires en gris. Compartiment principal zipp\u00e9 avec double curseur, deux poches ext\u00e9rieures&#8230;<\/p>\n","protected":false},"featured_media":26151,"template":"","meta":[],"product_cat":[338],"product_tag":[],"class_list":{"0":"post-26152","1":"product","2":"type-product","3":"status-publish","4":"has-post-thumbnail","6":"product_cat-voyage-bagagerie","8":"first","9":"instock","10":"shipping-taxable","11":"purchasable","12":"product-type-simple"},"_links":{"self":[{"href":"https:\/\/www.hapy-com.fr\/echoppe\/wp-json\/wp\/v2\/product\/26152","targetHints":{"allow":["GET"]}}],"collection":[{"href":"https:\/\/www.hapy-com.fr\/echoppe\/wp-json\/wp\/v2\/product"}],"about":[{"href":"https:\/\/www.hapy-com.fr\/echoppe\/wp-json\/wp\/v2\/types\/product"}],"wp:featuredmedia":[{"embeddable":true,"href":"https:\/\/www.hapy-com.fr\/echoppe\/wp-json\/wp\/v2\/media\/26151"}],"wp:attachment":[{"href":"https:\/\/www.hapy-com.fr\/echoppe\/wp-json\/wp\/v2\/media?parent=26152"}],"wp:term":[{"taxonomy":"product_cat","embeddable":true,"href":"https:\/\/www.hapy-com.fr\/echoppe\/wp-json\/wp\/v2\/product_cat?post=26152"},{"taxonomy":"product_tag","embeddable":true,"href":"https:\/\/www.hapy-com.fr\/echoppe\/wp-json\/wp\/v2\/product_tag?post=26152"}],"curies":[{"name":"wp","href":"https:\/\/api.w.org\/{rel}","templated":true}]}}