{"id":26156,"date":"2022-06-24T14:42:59","date_gmt":"2022-06-24T12:42:59","guid":{"rendered":"http:\/\/www.hapy-com.fr\/echoppe\/product\/cadenas-zanex-2\/"},"modified":"2022-06-24T14:42:59","modified_gmt":"2022-06-24T12:42:59","slug":"cadenas-zanex-2","status":"publish","type":"product","link":"https:\/\/www.hapy-com.fr\/echoppe\/product\/cadenas-zanex-2\/","title":{"rendered":"Cadenas Zanex"},"content":{"rendered":"<p>Cadenas de s\u00e9curit\u00e9 m\u00e9tallique \u00e0 combinaison num\u00e9rique. Design bicolore en coloris vifs.<\/p>\n","protected":false},"excerpt":{"rendered":"<p>Cadenas de s\u00e9curit\u00e9 m\u00e9tallique \u00e0 combinaison num\u00e9rique. Design bicolore en coloris vifs.<\/p>\n","protected":false},"featured_media":26154,"template":"","meta":[],"product_cat":[338],"product_tag":[],"class_list":{"0":"post-26156","1":"product","2":"type-product","3":"status-publish","4":"has-post-thumbnail","6":"product_cat-voyage-bagagerie","8":"first","9":"instock","10":"shipping-taxable","11":"purchasable","12":"product-type-simple"},"_links":{"self":[{"href":"https:\/\/www.hapy-com.fr\/echoppe\/wp-json\/wp\/v2\/product\/26156","targetHints":{"allow":["GET"]}}],"collection":[{"href":"https:\/\/www.hapy-com.fr\/echoppe\/wp-json\/wp\/v2\/product"}],"about":[{"href":"https:\/\/www.hapy-com.fr\/echoppe\/wp-json\/wp\/v2\/types\/product"}],"wp:featuredmedia":[{"embeddable":true,"href":"https:\/\/www.hapy-com.fr\/echoppe\/wp-json\/wp\/v2\/media\/26154"}],"wp:attachment":[{"href":"https:\/\/www.hapy-com.fr\/echoppe\/wp-json\/wp\/v2\/media?parent=26156"}],"wp:term":[{"taxonomy":"product_cat","embeddable":true,"href":"https:\/\/www.hapy-com.fr\/echoppe\/wp-json\/wp\/v2\/product_cat?post=26156"},{"taxonomy":"product_tag","embeddable":true,"href":"https:\/\/www.hapy-com.fr\/echoppe\/wp-json\/wp\/v2\/product_tag?post=26156"}],"curies":[{"name":"wp","href":"https:\/\/api.w.org\/{rel}","templated":true}]}}