{"id":26169,"date":"2022-06-24T14:43:09","date_gmt":"2022-06-24T12:43:09","guid":{"rendered":"http:\/\/www.hapy-com.fr\/echoppe\/product\/pese-bagages-blanax-2\/"},"modified":"2022-06-24T14:43:09","modified_gmt":"2022-06-24T12:43:09","slug":"pese-bagages-blanax-2","status":"publish","type":"product","link":"https:\/\/www.hapy-com.fr\/echoppe\/product\/pese-bagages-blanax-2\/","title":{"rendered":"P\u00e8se-Bagages Blanax"},"content":{"rendered":"<p>Balance \u00e0 bagages num\u00e9rique pratique en couleurs vives. Avec pile bouton incluse. Poids maximum de 40 kg<\/p>\n","protected":false},"excerpt":{"rendered":"<p>Balance \u00e0 bagages num\u00e9rique pratique en couleurs vives. Avec pile bouton incluse. Poids maximum de 40 kg<\/p>\n","protected":false},"featured_media":26168,"template":"","meta":[],"product_cat":[338],"product_tag":[],"class_list":{"0":"post-26169","1":"product","2":"type-product","3":"status-publish","4":"has-post-thumbnail","6":"product_cat-voyage-bagagerie","8":"first","9":"instock","10":"shipping-taxable","11":"purchasable","12":"product-type-simple"},"_links":{"self":[{"href":"https:\/\/www.hapy-com.fr\/echoppe\/wp-json\/wp\/v2\/product\/26169","targetHints":{"allow":["GET"]}}],"collection":[{"href":"https:\/\/www.hapy-com.fr\/echoppe\/wp-json\/wp\/v2\/product"}],"about":[{"href":"https:\/\/www.hapy-com.fr\/echoppe\/wp-json\/wp\/v2\/types\/product"}],"wp:featuredmedia":[{"embeddable":true,"href":"https:\/\/www.hapy-com.fr\/echoppe\/wp-json\/wp\/v2\/media\/26168"}],"wp:attachment":[{"href":"https:\/\/www.hapy-com.fr\/echoppe\/wp-json\/wp\/v2\/media?parent=26169"}],"wp:term":[{"taxonomy":"product_cat","embeddable":true,"href":"https:\/\/www.hapy-com.fr\/echoppe\/wp-json\/wp\/v2\/product_cat?post=26169"},{"taxonomy":"product_tag","embeddable":true,"href":"https:\/\/www.hapy-com.fr\/echoppe\/wp-json\/wp\/v2\/product_tag?post=26169"}],"curies":[{"name":"wp","href":"https:\/\/api.w.org\/{rel}","templated":true}]}}