{"id":26198,"date":"2022-06-24T14:43:35","date_gmt":"2022-06-24T12:43:35","guid":{"rendered":"http:\/\/www.hapy-com.fr\/echoppe\/product\/bouchons-antibruit-panoss-4\/"},"modified":"2022-06-24T14:43:35","modified_gmt":"2022-06-24T12:43:35","slug":"bouchons-antibruit-panoss-4","status":"publish","type":"product","link":"https:\/\/www.hapy-com.fr\/echoppe\/product\/bouchons-antibruit-panoss-4\/","title":{"rendered":"Bouchons Antibruit Panoss"},"content":{"rendered":"<p>Bouchons d\u00b4oreilles confortables en EVA, confortables et color\u00e9s. Pr\u00e9sent\u00e9s dans un \u00e9tui individuel transparent avec cha\u00eenette de transport<\/p>\n","protected":false},"excerpt":{"rendered":"<p>Bouchons d\u00b4oreilles confortables en EVA, confortables et color\u00e9s. Pr\u00e9sent\u00e9s dans un \u00e9tui individuel transparent avec cha\u00eenette de transport<\/p>\n","protected":false},"featured_media":26192,"template":"","meta":[],"product_cat":[338],"product_tag":[],"class_list":{"0":"post-26198","1":"product","2":"type-product","3":"status-publish","4":"has-post-thumbnail","6":"product_cat-voyage-bagagerie","8":"first","9":"instock","10":"shipping-taxable","11":"purchasable","12":"product-type-simple"},"_links":{"self":[{"href":"https:\/\/www.hapy-com.fr\/echoppe\/wp-json\/wp\/v2\/product\/26198","targetHints":{"allow":["GET"]}}],"collection":[{"href":"https:\/\/www.hapy-com.fr\/echoppe\/wp-json\/wp\/v2\/product"}],"about":[{"href":"https:\/\/www.hapy-com.fr\/echoppe\/wp-json\/wp\/v2\/types\/product"}],"wp:featuredmedia":[{"embeddable":true,"href":"https:\/\/www.hapy-com.fr\/echoppe\/wp-json\/wp\/v2\/media\/26192"}],"wp:attachment":[{"href":"https:\/\/www.hapy-com.fr\/echoppe\/wp-json\/wp\/v2\/media?parent=26198"}],"wp:term":[{"taxonomy":"product_cat","embeddable":true,"href":"https:\/\/www.hapy-com.fr\/echoppe\/wp-json\/wp\/v2\/product_cat?post=26198"},{"taxonomy":"product_tag","embeddable":true,"href":"https:\/\/www.hapy-com.fr\/echoppe\/wp-json\/wp\/v2\/product_tag?post=26198"}],"curies":[{"name":"wp","href":"https:\/\/api.w.org\/{rel}","templated":true}]}}