{"id":26206,"date":"2022-06-24T14:43:41","date_gmt":"2022-06-24T12:43:41","guid":{"rendered":"http:\/\/www.hapy-com.fr\/echoppe\/product\/trolley-versity-3\/"},"modified":"2022-06-24T14:43:41","modified_gmt":"2022-06-24T12:43:41","slug":"trolley-versity-3","status":"publish","type":"product","link":"https:\/\/www.hapy-com.fr\/echoppe\/product\/trolley-versity-3\/","title":{"rendered":"Trolley Versity"},"content":{"rendered":"<p>Trolley bicolore \u00e0 2 roues en polyester 600D r\u00e9sistant. Compartiment principal \u00e0 double fermeture \u00e9clair avec trou pour cadenas et deux poches ext\u00e9rieures zipp\u00e9es. Avec deux poign\u00e9es rembourr\u00e9es et base renforc\u00e9e avec pieds robustes et roulettes assorties. Int\u00e9rieur doubl\u00e9 avec deux compartiments ind\u00e9pendants multi-poches et sangles de fixation \u00e9lastiques.<\/p>\n","protected":false},"excerpt":{"rendered":"<p>Trolley bicolore \u00e0 2 roues en polyester 600D r\u00e9sistant. Compartiment principal \u00e0 double fermeture \u00e9clair avec trou pour cadenas et deux poches ext\u00e9rieures zipp\u00e9es. Avec deux poign\u00e9es rembourr\u00e9es et base&#8230;<\/p>\n","protected":false},"featured_media":26202,"template":"","meta":[],"product_cat":[338],"product_tag":[],"class_list":{"0":"post-26206","1":"product","2":"type-product","3":"status-publish","4":"has-post-thumbnail","6":"product_cat-voyage-bagagerie","8":"first","9":"instock","10":"shipping-taxable","11":"purchasable","12":"product-type-simple"},"_links":{"self":[{"href":"https:\/\/www.hapy-com.fr\/echoppe\/wp-json\/wp\/v2\/product\/26206","targetHints":{"allow":["GET"]}}],"collection":[{"href":"https:\/\/www.hapy-com.fr\/echoppe\/wp-json\/wp\/v2\/product"}],"about":[{"href":"https:\/\/www.hapy-com.fr\/echoppe\/wp-json\/wp\/v2\/types\/product"}],"wp:featuredmedia":[{"embeddable":true,"href":"https:\/\/www.hapy-com.fr\/echoppe\/wp-json\/wp\/v2\/media\/26202"}],"wp:attachment":[{"href":"https:\/\/www.hapy-com.fr\/echoppe\/wp-json\/wp\/v2\/media?parent=26206"}],"wp:term":[{"taxonomy":"product_cat","embeddable":true,"href":"https:\/\/www.hapy-com.fr\/echoppe\/wp-json\/wp\/v2\/product_cat?post=26206"},{"taxonomy":"product_tag","embeddable":true,"href":"https:\/\/www.hapy-com.fr\/echoppe\/wp-json\/wp\/v2\/product_tag?post=26206"}],"curies":[{"name":"wp","href":"https:\/\/api.w.org\/{rel}","templated":true}]}}