{"id":26215,"date":"2022-06-24T14:43:49","date_gmt":"2022-06-24T12:43:49","guid":{"rendered":"http:\/\/www.hapy-com.fr\/echoppe\/product\/trolley-pliable-dunant-2\/"},"modified":"2022-06-24T14:43:49","modified_gmt":"2022-06-24T12:43:49","slug":"trolley-pliable-dunant-2","status":"publish","type":"product","link":"https:\/\/www.hapy-com.fr\/echoppe\/product\/trolley-pliable-dunant-2\/","title":{"rendered":"Trolley Pliable Dunant"},"content":{"rendered":"<p>Trolley pliant de haute qualit\u00e9 \u00e0 2 roues en polyester 300D r\u00e9sistant disponible en couleurs \u00e9clatantes. Compartiment principal avec double curseur sur la fermeture \u00e9clair bicolore et poche frontale zipp\u00e9e. Poign\u00e9e rembourr\u00e9e et base renforc\u00e9e avec pieds robustes et roulettes assorties. Int\u00e9rieur doubl\u00e9 avec deux compartiments ind\u00e9pendants multi-poches et sangles de fixation \u00e9lastiques. Poign\u00e9e assortie.<\/p>\n","protected":false},"excerpt":{"rendered":"<p>Trolley pliant de haute qualit\u00e9 \u00e0 2 roues en polyester 300D r\u00e9sistant disponible en couleurs \u00e9clatantes. Compartiment principal avec double curseur sur la fermeture \u00e9clair bicolore et poche frontale zipp\u00e9e&#8230;.<\/p>\n","protected":false},"featured_media":26214,"template":"","meta":[],"product_cat":[338],"product_tag":[],"class_list":{"0":"post-26215","1":"product","2":"type-product","3":"status-publish","4":"has-post-thumbnail","6":"product_cat-voyage-bagagerie","8":"first","9":"instock","10":"shipping-taxable","11":"purchasable","12":"product-type-simple"},"_links":{"self":[{"href":"https:\/\/www.hapy-com.fr\/echoppe\/wp-json\/wp\/v2\/product\/26215","targetHints":{"allow":["GET"]}}],"collection":[{"href":"https:\/\/www.hapy-com.fr\/echoppe\/wp-json\/wp\/v2\/product"}],"about":[{"href":"https:\/\/www.hapy-com.fr\/echoppe\/wp-json\/wp\/v2\/types\/product"}],"wp:featuredmedia":[{"embeddable":true,"href":"https:\/\/www.hapy-com.fr\/echoppe\/wp-json\/wp\/v2\/media\/26214"}],"wp:attachment":[{"href":"https:\/\/www.hapy-com.fr\/echoppe\/wp-json\/wp\/v2\/media?parent=26215"}],"wp:term":[{"taxonomy":"product_cat","embeddable":true,"href":"https:\/\/www.hapy-com.fr\/echoppe\/wp-json\/wp\/v2\/product_cat?post=26215"},{"taxonomy":"product_tag","embeddable":true,"href":"https:\/\/www.hapy-com.fr\/echoppe\/wp-json\/wp\/v2\/product_tag?post=26215"}],"curies":[{"name":"wp","href":"https:\/\/api.w.org\/{rel}","templated":true}]}}