{"id":26229,"date":"2022-06-24T14:44:25","date_gmt":"2022-06-24T12:44:25","guid":{"rendered":"http:\/\/www.hapy-com.fr\/echoppe\/product\/sac-trolley-bertox-4\/"},"modified":"2022-06-24T14:44:25","modified_gmt":"2022-06-24T12:44:25","slug":"sac-trolley-bertox-4","status":"publish","type":"product","link":"https:\/\/www.hapy-com.fr\/echoppe\/product\/sac-trolley-bertox-4\/","title":{"rendered":"Sac Trolley Bertox"},"content":{"rendered":"<p>Sac trolley \u00e0 2 roulettes en polyester 600D propos\u00e9 en plusieurs coloris \u00e9clatants. Compartiment principal avec double tire-zip cordon pour une ouverture facile. Poign\u00e9es de transport en nylon r\u00e9sistant, renforc\u00e9 avec velcro assorti. Int\u00e9rieur avec doublure assortie et base solide.<\/p>\n","protected":false},"excerpt":{"rendered":"<p>Sac trolley \u00e0 2 roulettes en polyester 600D propos\u00e9 en plusieurs coloris \u00e9clatants. Compartiment principal avec double tire-zip cordon pour une ouverture facile. Poign\u00e9es de transport en nylon r\u00e9sistant, renforc\u00e9&#8230;<\/p>\n","protected":false},"featured_media":26228,"template":"","meta":[],"product_cat":[338],"product_tag":[],"class_list":{"0":"post-26229","1":"product","2":"type-product","3":"status-publish","4":"has-post-thumbnail","6":"product_cat-voyage-bagagerie","8":"first","9":"instock","10":"shipping-taxable","11":"purchasable","12":"product-type-simple"},"_links":{"self":[{"href":"https:\/\/www.hapy-com.fr\/echoppe\/wp-json\/wp\/v2\/product\/26229","targetHints":{"allow":["GET"]}}],"collection":[{"href":"https:\/\/www.hapy-com.fr\/echoppe\/wp-json\/wp\/v2\/product"}],"about":[{"href":"https:\/\/www.hapy-com.fr\/echoppe\/wp-json\/wp\/v2\/types\/product"}],"wp:featuredmedia":[{"embeddable":true,"href":"https:\/\/www.hapy-com.fr\/echoppe\/wp-json\/wp\/v2\/media\/26228"}],"wp:attachment":[{"href":"https:\/\/www.hapy-com.fr\/echoppe\/wp-json\/wp\/v2\/media?parent=26229"}],"wp:term":[{"taxonomy":"product_cat","embeddable":true,"href":"https:\/\/www.hapy-com.fr\/echoppe\/wp-json\/wp\/v2\/product_cat?post=26229"},{"taxonomy":"product_tag","embeddable":true,"href":"https:\/\/www.hapy-com.fr\/echoppe\/wp-json\/wp\/v2\/product_tag?post=26229"}],"curies":[{"name":"wp","href":"https:\/\/api.w.org\/{rel}","templated":true}]}}