{"id":26241,"date":"2022-06-24T14:44:34","date_gmt":"2022-06-24T12:44:34","guid":{"rendered":"http:\/\/www.hapy-com.fr\/echoppe\/product\/set-voyage-yorder\/"},"modified":"2022-06-24T14:44:34","modified_gmt":"2022-06-24T12:44:34","slug":"set-voyage-yorder","status":"publish","type":"product","link":"https:\/\/www.hapy-com.fr\/echoppe\/product\/set-voyage-yorder\/","title":{"rendered":"Set Voyage Yorder"},"content":{"rendered":"<p>Ensemble de voyage avec masque et bouchons d\u00b4oreille. Masque en microfibre douce et confortable aux couleurs vives avec ajustement \u00e9lastique. Bouchons en EVA confortable de couleur jaune. Pr\u00e9sent\u00e9 dans un sac individuel.<\/p>\n","protected":false},"excerpt":{"rendered":"<p>Ensemble de voyage avec masque et bouchons d\u00b4oreille. Masque en microfibre douce et confortable aux couleurs vives avec ajustement \u00e9lastique. Bouchons en EVA confortable de couleur jaune. Pr\u00e9sent\u00e9 dans un&#8230;<\/p>\n","protected":false},"featured_media":26239,"template":"","meta":[],"product_cat":[338],"product_tag":[],"class_list":{"0":"post-26241","1":"product","2":"type-product","3":"status-publish","4":"has-post-thumbnail","6":"product_cat-voyage-bagagerie","8":"first","9":"instock","10":"shipping-taxable","11":"purchasable","12":"product-type-simple"},"_links":{"self":[{"href":"https:\/\/www.hapy-com.fr\/echoppe\/wp-json\/wp\/v2\/product\/26241","targetHints":{"allow":["GET"]}}],"collection":[{"href":"https:\/\/www.hapy-com.fr\/echoppe\/wp-json\/wp\/v2\/product"}],"about":[{"href":"https:\/\/www.hapy-com.fr\/echoppe\/wp-json\/wp\/v2\/types\/product"}],"wp:featuredmedia":[{"embeddable":true,"href":"https:\/\/www.hapy-com.fr\/echoppe\/wp-json\/wp\/v2\/media\/26239"}],"wp:attachment":[{"href":"https:\/\/www.hapy-com.fr\/echoppe\/wp-json\/wp\/v2\/media?parent=26241"}],"wp:term":[{"taxonomy":"product_cat","embeddable":true,"href":"https:\/\/www.hapy-com.fr\/echoppe\/wp-json\/wp\/v2\/product_cat?post=26241"},{"taxonomy":"product_tag","embeddable":true,"href":"https:\/\/www.hapy-com.fr\/echoppe\/wp-json\/wp\/v2\/product_tag?post=26241"}],"curies":[{"name":"wp","href":"https:\/\/api.w.org\/{rel}","templated":true}]}}