{"id":26258,"date":"2022-06-24T14:44:48","date_gmt":"2022-06-24T12:44:48","guid":{"rendered":"http:\/\/www.hapy-com.fr\/echoppe\/product\/necessaire-iriam-4\/"},"modified":"2022-06-24T14:44:48","modified_gmt":"2022-06-24T12:44:48","slug":"necessaire-iriam-4","status":"publish","type":"product","link":"https:\/\/www.hapy-com.fr\/echoppe\/product\/necessaire-iriam-4\/","title":{"rendered":"N\u00e9cessaire Iriam"},"content":{"rendered":"<p>Trousse polyvalente en PVC transparent r\u00e9sistant en diff\u00e9rentes couleurs vives. Avec fermeture herm\u00e9tique assortie.<\/p>\n","protected":false},"excerpt":{"rendered":"<p>Trousse polyvalente en PVC transparent r\u00e9sistant en diff\u00e9rentes couleurs vives. Avec fermeture herm\u00e9tique assortie.<\/p>\n","protected":false},"featured_media":26257,"template":"","meta":[],"product_cat":[338],"product_tag":[],"class_list":{"0":"post-26258","1":"product","2":"type-product","3":"status-publish","4":"has-post-thumbnail","6":"product_cat-voyage-bagagerie","8":"first","9":"instock","10":"shipping-taxable","11":"purchasable","12":"product-type-simple"},"_links":{"self":[{"href":"https:\/\/www.hapy-com.fr\/echoppe\/wp-json\/wp\/v2\/product\/26258","targetHints":{"allow":["GET"]}}],"collection":[{"href":"https:\/\/www.hapy-com.fr\/echoppe\/wp-json\/wp\/v2\/product"}],"about":[{"href":"https:\/\/www.hapy-com.fr\/echoppe\/wp-json\/wp\/v2\/types\/product"}],"wp:featuredmedia":[{"embeddable":true,"href":"https:\/\/www.hapy-com.fr\/echoppe\/wp-json\/wp\/v2\/media\/26257"}],"wp:attachment":[{"href":"https:\/\/www.hapy-com.fr\/echoppe\/wp-json\/wp\/v2\/media?parent=26258"}],"wp:term":[{"taxonomy":"product_cat","embeddable":true,"href":"https:\/\/www.hapy-com.fr\/echoppe\/wp-json\/wp\/v2\/product_cat?post=26258"},{"taxonomy":"product_tag","embeddable":true,"href":"https:\/\/www.hapy-com.fr\/echoppe\/wp-json\/wp\/v2\/product_tag?post=26258"}],"curies":[{"name":"wp","href":"https:\/\/api.w.org\/{rel}","templated":true}]}}