{"id":26295,"date":"2022-06-24T14:45:23","date_gmt":"2022-06-24T12:45:23","guid":{"rendered":"http:\/\/www.hapy-com.fr\/echoppe\/product\/brosse-a-dents-veltor-5\/"},"modified":"2022-06-24T14:45:23","modified_gmt":"2022-06-24T12:45:23","slug":"brosse-a-dents-veltor-5","status":"publish","type":"product","link":"https:\/\/www.hapy-com.fr\/echoppe\/product\/brosse-a-dents-veltor-5\/","title":{"rendered":"Brosse \u00e0 Dents Veltor"},"content":{"rendered":"<p>Brosse \u00e0 dents bicolore doux toucher dans une vari\u00e9t\u00e9 de coloris lumineux. Avec capuchon translucide assorti.<\/p>\n","protected":false},"excerpt":{"rendered":"<p>Brosse \u00e0 dents bicolore doux toucher dans une vari\u00e9t\u00e9 de coloris lumineux. Avec capuchon translucide assorti.<\/p>\n","protected":false},"featured_media":26294,"template":"","meta":[],"product_cat":[338],"product_tag":[],"class_list":{"0":"post-26295","1":"product","2":"type-product","3":"status-publish","4":"has-post-thumbnail","6":"product_cat-voyage-bagagerie","8":"first","9":"instock","10":"shipping-taxable","11":"purchasable","12":"product-type-simple"},"_links":{"self":[{"href":"https:\/\/www.hapy-com.fr\/echoppe\/wp-json\/wp\/v2\/product\/26295","targetHints":{"allow":["GET"]}}],"collection":[{"href":"https:\/\/www.hapy-com.fr\/echoppe\/wp-json\/wp\/v2\/product"}],"about":[{"href":"https:\/\/www.hapy-com.fr\/echoppe\/wp-json\/wp\/v2\/types\/product"}],"wp:featuredmedia":[{"embeddable":true,"href":"https:\/\/www.hapy-com.fr\/echoppe\/wp-json\/wp\/v2\/media\/26294"}],"wp:attachment":[{"href":"https:\/\/www.hapy-com.fr\/echoppe\/wp-json\/wp\/v2\/media?parent=26295"}],"wp:term":[{"taxonomy":"product_cat","embeddable":true,"href":"https:\/\/www.hapy-com.fr\/echoppe\/wp-json\/wp\/v2\/product_cat?post=26295"},{"taxonomy":"product_tag","embeddable":true,"href":"https:\/\/www.hapy-com.fr\/echoppe\/wp-json\/wp\/v2\/product_tag?post=26295"}],"curies":[{"name":"wp","href":"https:\/\/api.w.org\/{rel}","templated":true}]}}