{"id":26299,"date":"2022-06-24T14:45:27","date_gmt":"2022-06-24T12:45:27","guid":{"rendered":"http:\/\/www.hapy-com.fr\/echoppe\/product\/pese-bagages-power-bank-hargol-2\/"},"modified":"2022-06-24T14:45:27","modified_gmt":"2022-06-24T12:45:27","slug":"pese-bagages-power-bank-hargol-2","status":"publish","type":"product","link":"https:\/\/www.hapy-com.fr\/echoppe\/product\/pese-bagages-power-bank-hargol-2\/","title":{"rendered":"P\u00e8se-Bagages Power Bank Hargol"},"content":{"rendered":"<p>P\u00e8se-bagages num\u00e9rique pratique avec batterie nomade int\u00e9gr\u00e9e de 2 200 mAh. Micro c\u00e2ble USB inclus et sangle en nylon r\u00e9sistant avec fermeture m\u00e9tallique, pour un confort et une s\u00e9curit\u00e9 totale. Poids maximum 50kg.<\/p>\n","protected":false},"excerpt":{"rendered":"<p>P\u00e8se-bagages num\u00e9rique pratique avec batterie nomade int\u00e9gr\u00e9e de 2 200 mAh. Micro c\u00e2ble USB inclus et sangle en nylon r\u00e9sistant avec fermeture m\u00e9tallique, pour un confort et une s\u00e9curit\u00e9 totale&#8230;.<\/p>\n","protected":false},"featured_media":26297,"template":"","meta":[],"product_cat":[338],"product_tag":[],"class_list":{"0":"post-26299","1":"product","2":"type-product","3":"status-publish","4":"has-post-thumbnail","6":"product_cat-voyage-bagagerie","8":"first","9":"instock","10":"shipping-taxable","11":"purchasable","12":"product-type-simple"},"_links":{"self":[{"href":"https:\/\/www.hapy-com.fr\/echoppe\/wp-json\/wp\/v2\/product\/26299","targetHints":{"allow":["GET"]}}],"collection":[{"href":"https:\/\/www.hapy-com.fr\/echoppe\/wp-json\/wp\/v2\/product"}],"about":[{"href":"https:\/\/www.hapy-com.fr\/echoppe\/wp-json\/wp\/v2\/types\/product"}],"wp:featuredmedia":[{"embeddable":true,"href":"https:\/\/www.hapy-com.fr\/echoppe\/wp-json\/wp\/v2\/media\/26297"}],"wp:attachment":[{"href":"https:\/\/www.hapy-com.fr\/echoppe\/wp-json\/wp\/v2\/media?parent=26299"}],"wp:term":[{"taxonomy":"product_cat","embeddable":true,"href":"https:\/\/www.hapy-com.fr\/echoppe\/wp-json\/wp\/v2\/product_cat?post=26299"},{"taxonomy":"product_tag","embeddable":true,"href":"https:\/\/www.hapy-com.fr\/echoppe\/wp-json\/wp\/v2\/product_tag?post=26299"}],"curies":[{"name":"wp","href":"https:\/\/api.w.org\/{rel}","templated":true}]}}