{"id":26311,"date":"2022-06-24T14:45:38","date_gmt":"2022-06-24T12:45:38","guid":{"rendered":"http:\/\/www.hapy-com.fr\/echoppe\/product\/chausse-pied-wizzel\/"},"modified":"2022-06-24T14:45:38","modified_gmt":"2022-06-24T12:45:38","slug":"chausse-pied-wizzel","status":"publish","type":"product","link":"https:\/\/www.hapy-com.fr\/echoppe\/product\/chausse-pied-wizzel\/","title":{"rendered":"Chausse-Pied Wizzel"},"content":{"rendered":"<p>Chausse-pieds 2 en 1 aux couleurs sobres. Avec \u00e9ponge int\u00e9gr\u00e9e pour le nettoyage des chaussures et bouchon \u00e0 vis.<\/p>\n","protected":false},"excerpt":{"rendered":"<p>Chausse-pieds 2 en 1 aux couleurs sobres. Avec \u00e9ponge int\u00e9gr\u00e9e pour le nettoyage des chaussures et bouchon \u00e0 vis.<\/p>\n","protected":false},"featured_media":26310,"template":"","meta":[],"product_cat":[338],"product_tag":[],"class_list":{"0":"post-26311","1":"product","2":"type-product","3":"status-publish","4":"has-post-thumbnail","6":"product_cat-voyage-bagagerie","8":"first","9":"instock","10":"shipping-taxable","11":"purchasable","12":"product-type-simple"},"_links":{"self":[{"href":"https:\/\/www.hapy-com.fr\/echoppe\/wp-json\/wp\/v2\/product\/26311","targetHints":{"allow":["GET"]}}],"collection":[{"href":"https:\/\/www.hapy-com.fr\/echoppe\/wp-json\/wp\/v2\/product"}],"about":[{"href":"https:\/\/www.hapy-com.fr\/echoppe\/wp-json\/wp\/v2\/types\/product"}],"wp:featuredmedia":[{"embeddable":true,"href":"https:\/\/www.hapy-com.fr\/echoppe\/wp-json\/wp\/v2\/media\/26310"}],"wp:attachment":[{"href":"https:\/\/www.hapy-com.fr\/echoppe\/wp-json\/wp\/v2\/media?parent=26311"}],"wp:term":[{"taxonomy":"product_cat","embeddable":true,"href":"https:\/\/www.hapy-com.fr\/echoppe\/wp-json\/wp\/v2\/product_cat?post=26311"},{"taxonomy":"product_tag","embeddable":true,"href":"https:\/\/www.hapy-com.fr\/echoppe\/wp-json\/wp\/v2\/product_tag?post=26311"}],"curies":[{"name":"wp","href":"https:\/\/api.w.org\/{rel}","templated":true}]}}