{"id":26338,"date":"2022-06-24T14:46:04","date_gmt":"2022-06-24T12:46:04","guid":{"rendered":"http:\/\/www.hapy-com.fr\/echoppe\/product\/necessaire-voyage-flaut\/"},"modified":"2022-06-24T14:46:04","modified_gmt":"2022-06-24T12:46:04","slug":"necessaire-voyage-flaut","status":"publish","type":"product","link":"https:\/\/www.hapy-com.fr\/echoppe\/product\/necessaire-voyage-flaut\/","title":{"rendered":"N\u00e9cessaire Voyage Flaut"},"content":{"rendered":"<p>Trousse et set de voyage \u00e0 5 accessoires. Compos\u00e9 de deux flacons avec bouchon \u00e0 vis de 120 ml \u00d8 4,1 x 11,1 cm, un vaporisateur de 90 ml \u00d8 4 x 11,4 cm et de deux pots \u00e0 cr\u00e8me (20 ml) \u00d8 3,8 x 3 cm. Livr\u00e9 dans sa trousse de voyage en PVC avec fermeture pour le transport. Id\u00e9al pour emporter vos cr\u00e8mes, shampoings, gels douche, savons liquides, lotions solaire, parfums, lotion apr\u00e8s-rasage pr\u00e9f\u00e9r\u00e9s&#8230;<\/p>\n","protected":false},"excerpt":{"rendered":"<p>Trousse et set de voyage \u00e0 5 accessoires. Compos\u00e9 de deux flacons avec bouchon \u00e0 vis de 120 ml \u00d8 4,1 x 11,1 cm, un vaporisateur de 90 ml \u00d8&#8230;<\/p>\n","protected":false},"featured_media":26337,"template":"","meta":[],"product_cat":[338],"product_tag":[],"class_list":{"0":"post-26338","1":"product","2":"type-product","3":"status-publish","4":"has-post-thumbnail","6":"product_cat-voyage-bagagerie","8":"first","9":"instock","10":"shipping-taxable","11":"purchasable","12":"product-type-simple"},"_links":{"self":[{"href":"https:\/\/www.hapy-com.fr\/echoppe\/wp-json\/wp\/v2\/product\/26338","targetHints":{"allow":["GET"]}}],"collection":[{"href":"https:\/\/www.hapy-com.fr\/echoppe\/wp-json\/wp\/v2\/product"}],"about":[{"href":"https:\/\/www.hapy-com.fr\/echoppe\/wp-json\/wp\/v2\/types\/product"}],"wp:featuredmedia":[{"embeddable":true,"href":"https:\/\/www.hapy-com.fr\/echoppe\/wp-json\/wp\/v2\/media\/26337"}],"wp:attachment":[{"href":"https:\/\/www.hapy-com.fr\/echoppe\/wp-json\/wp\/v2\/media?parent=26338"}],"wp:term":[{"taxonomy":"product_cat","embeddable":true,"href":"https:\/\/www.hapy-com.fr\/echoppe\/wp-json\/wp\/v2\/product_cat?post=26338"},{"taxonomy":"product_tag","embeddable":true,"href":"https:\/\/www.hapy-com.fr\/echoppe\/wp-json\/wp\/v2\/product_tag?post=26338"}],"curies":[{"name":"wp","href":"https:\/\/api.w.org\/{rel}","templated":true}]}}