{"id":26351,"date":"2022-06-24T14:46:16","date_gmt":"2022-06-24T12:46:16","guid":{"rendered":"http:\/\/www.hapy-com.fr\/echoppe\/product\/gel-hydroalcholique-bustan-6\/"},"modified":"2022-06-24T14:46:16","modified_gmt":"2022-06-24T12:46:16","slug":"gel-hydroalcholique-bustan-6","status":"publish","type":"product","link":"https:\/\/www.hapy-com.fr\/echoppe\/product\/gel-hydroalcholique-bustan-6\/","title":{"rendered":"Gel Hydroalcholique Bustan"},"content":{"rendered":"<p>Spray hydroalcoolique pour lhygi\u00e8ne et le nettoyage de la peau dans un flacon rechargeable de 10 ml. Corps et bouchon translucides disponibles dans un large \u00e9ventail de couleurs, avec clip dajustement. Solution \u00e0 65% dalcool. GMP (Good Manufaturing Practices \/ Correct Manufacturing Standards) article certifi\u00e9 qui assure le respect de mesures de contr\u00f4le rigoureuses pour obtenir un produit s\u00fbr et de qualit\u00e9.<\/p>\n","protected":false},"excerpt":{"rendered":"<p>Spray hydroalcoolique pour lhygi\u00e8ne et le nettoyage de la peau dans un flacon rechargeable de 10 ml. Corps et bouchon translucides disponibles dans un large \u00e9ventail de couleurs, avec clip&#8230;<\/p>\n","protected":false},"featured_media":26350,"template":"","meta":[],"product_cat":[338],"product_tag":[],"class_list":{"0":"post-26351","1":"product","2":"type-product","3":"status-publish","4":"has-post-thumbnail","6":"product_cat-voyage-bagagerie","8":"first","9":"instock","10":"shipping-taxable","11":"purchasable","12":"product-type-simple"},"_links":{"self":[{"href":"https:\/\/www.hapy-com.fr\/echoppe\/wp-json\/wp\/v2\/product\/26351","targetHints":{"allow":["GET"]}}],"collection":[{"href":"https:\/\/www.hapy-com.fr\/echoppe\/wp-json\/wp\/v2\/product"}],"about":[{"href":"https:\/\/www.hapy-com.fr\/echoppe\/wp-json\/wp\/v2\/types\/product"}],"wp:featuredmedia":[{"embeddable":true,"href":"https:\/\/www.hapy-com.fr\/echoppe\/wp-json\/wp\/v2\/media\/26350"}],"wp:attachment":[{"href":"https:\/\/www.hapy-com.fr\/echoppe\/wp-json\/wp\/v2\/media?parent=26351"}],"wp:term":[{"taxonomy":"product_cat","embeddable":true,"href":"https:\/\/www.hapy-com.fr\/echoppe\/wp-json\/wp\/v2\/product_cat?post=26351"},{"taxonomy":"product_tag","embeddable":true,"href":"https:\/\/www.hapy-com.fr\/echoppe\/wp-json\/wp\/v2\/product_tag?post=26351"}],"curies":[{"name":"wp","href":"https:\/\/api.w.org\/{rel}","templated":true}]}}