{"id":26358,"date":"2022-06-24T14:46:23","date_gmt":"2022-06-24T12:46:23","guid":{"rendered":"http:\/\/www.hapy-com.fr\/echoppe\/product\/sac-tarok-3\/"},"modified":"2022-06-24T14:46:23","modified_gmt":"2022-06-24T12:46:23","slug":"sac-tarok-3","status":"publish","type":"product","link":"https:\/\/www.hapy-com.fr\/echoppe\/product\/sac-tarok-3\/","title":{"rendered":"Sac Tarok"},"content":{"rendered":"<p>Sac \u00e0 usages multiples en polyester 600D r\u00e9sistant avec un design bicolore. Compartiment principal avec fermeture \u00e0 glissi\u00e8re et double tirette, avec accessoire de r\u00e9glage, poign\u00e9es robustes en nylon et poche lat\u00e9rale \u00e0 glissi\u00e8re.<\/p>\n","protected":false},"excerpt":{"rendered":"<p>Sac \u00e0 usages multiples en polyester 600D r\u00e9sistant avec un design bicolore. Compartiment principal avec fermeture \u00e0 glissi\u00e8re et double tirette, avec accessoire de r\u00e9glage, poign\u00e9es robustes en nylon et&#8230;<\/p>\n","protected":false},"featured_media":26357,"template":"","meta":[],"product_cat":[338],"product_tag":[],"class_list":{"0":"post-26358","1":"product","2":"type-product","3":"status-publish","4":"has-post-thumbnail","6":"product_cat-voyage-bagagerie","8":"first","9":"instock","10":"shipping-taxable","11":"purchasable","12":"product-type-simple"},"_links":{"self":[{"href":"https:\/\/www.hapy-com.fr\/echoppe\/wp-json\/wp\/v2\/product\/26358","targetHints":{"allow":["GET"]}}],"collection":[{"href":"https:\/\/www.hapy-com.fr\/echoppe\/wp-json\/wp\/v2\/product"}],"about":[{"href":"https:\/\/www.hapy-com.fr\/echoppe\/wp-json\/wp\/v2\/types\/product"}],"wp:featuredmedia":[{"embeddable":true,"href":"https:\/\/www.hapy-com.fr\/echoppe\/wp-json\/wp\/v2\/media\/26357"}],"wp:attachment":[{"href":"https:\/\/www.hapy-com.fr\/echoppe\/wp-json\/wp\/v2\/media?parent=26358"}],"wp:term":[{"taxonomy":"product_cat","embeddable":true,"href":"https:\/\/www.hapy-com.fr\/echoppe\/wp-json\/wp\/v2\/product_cat?post=26358"},{"taxonomy":"product_tag","embeddable":true,"href":"https:\/\/www.hapy-com.fr\/echoppe\/wp-json\/wp\/v2\/product_tag?post=26358"}],"curies":[{"name":"wp","href":"https:\/\/api.w.org\/{rel}","templated":true}]}}