{"id":26378,"date":"2022-06-24T14:46:43","date_gmt":"2022-06-24T12:46:43","guid":{"rendered":"http:\/\/www.hapy-com.fr\/echoppe\/product\/trolley-hessok-3\/"},"modified":"2022-06-24T14:46:43","modified_gmt":"2022-06-24T12:46:43","slug":"trolley-hessok-3","status":"publish","type":"product","link":"https:\/\/www.hapy-com.fr\/echoppe\/product\/trolley-hessok-3\/","title":{"rendered":"Trolley Hessok"},"content":{"rendered":"<p>Valise en PC rigide et r\u00e9sistant, haute r\u00e9sistance aux chocs et avec une finition semi-mate. Ouverture totale, avec 4 roues pivotantes doubles et serrure de s\u00e9curit\u00e9 par code. Fermeture conform\u00e9ment aux normes TSA -Transport Security Administration-, qui permettent aux autorit\u00e9s douani\u00e8res d\u00b4inspecter le contenu des bagages sans avoir \u00e0 forcer ou casser la fermeture, gr\u00e2ce \u00e0 une cl\u00e9 sp\u00e9ciale \u00e0 la disposition de l\u00b4autorit\u00e9. Compartiment principal avec fermeture \u00e9clair \u00e0 double zip et poign\u00e9e de transport. Capacit\u00e9 env. 30 L.<\/p>\n","protected":false},"excerpt":{"rendered":"<p>Valise en PC rigide et r\u00e9sistant, haute r\u00e9sistance aux chocs et avec une finition semi-mate. Ouverture totale, avec 4 roues pivotantes doubles et serrure de s\u00e9curit\u00e9 par code. Fermeture conform\u00e9ment&#8230;<\/p>\n","protected":false},"featured_media":26377,"template":"","meta":[],"product_cat":[338],"product_tag":[],"class_list":{"0":"post-26378","1":"product","2":"type-product","3":"status-publish","4":"has-post-thumbnail","6":"product_cat-voyage-bagagerie","8":"first","9":"instock","10":"shipping-taxable","11":"purchasable","12":"product-type-simple"},"_links":{"self":[{"href":"https:\/\/www.hapy-com.fr\/echoppe\/wp-json\/wp\/v2\/product\/26378","targetHints":{"allow":["GET"]}}],"collection":[{"href":"https:\/\/www.hapy-com.fr\/echoppe\/wp-json\/wp\/v2\/product"}],"about":[{"href":"https:\/\/www.hapy-com.fr\/echoppe\/wp-json\/wp\/v2\/types\/product"}],"wp:featuredmedia":[{"embeddable":true,"href":"https:\/\/www.hapy-com.fr\/echoppe\/wp-json\/wp\/v2\/media\/26377"}],"wp:attachment":[{"href":"https:\/\/www.hapy-com.fr\/echoppe\/wp-json\/wp\/v2\/media?parent=26378"}],"wp:term":[{"taxonomy":"product_cat","embeddable":true,"href":"https:\/\/www.hapy-com.fr\/echoppe\/wp-json\/wp\/v2\/product_cat?post=26378"},{"taxonomy":"product_tag","embeddable":true,"href":"https:\/\/www.hapy-com.fr\/echoppe\/wp-json\/wp\/v2\/product_tag?post=26378"}],"curies":[{"name":"wp","href":"https:\/\/api.w.org\/{rel}","templated":true}]}}