{"id":26383,"date":"2022-06-24T14:46:47","date_gmt":"2022-06-24T12:46:47","guid":{"rendered":"http:\/\/www.hapy-com.fr\/echoppe\/product\/gel-hydroalcholique-bradul\/"},"modified":"2022-06-24T14:46:47","modified_gmt":"2022-06-24T12:46:47","slug":"gel-hydroalcholique-bradul","status":"publish","type":"product","link":"https:\/\/www.hapy-com.fr\/echoppe\/product\/gel-hydroalcholique-bradul\/","title":{"rendered":"Gel Hydroalcholique Bradul"},"content":{"rendered":"<p>Solution hydroalcoolique pour le nettoyage des mains de 15 ml, avec un bouchon de s\u00e9curti\u00e9. Flacon translucide, avec bouchon blanc. Teneur en alcool approximative: 65%. Article certifi\u00e9 GMP (Good Manufaturing Practices \/ Correct Manufacturing Standards) qui garantit le respect de mesures de contr\u00f4le rigoureuses pour obtenir un produit de qualit\u00e9 et fabriqu\u00e9 dans de bonnes conditions.<\/p>\n","protected":false},"excerpt":{"rendered":"<p>Solution hydroalcoolique pour le nettoyage des mains de 15 ml, avec un bouchon de s\u00e9curti\u00e9. Flacon translucide, avec bouchon blanc. Teneur en alcool approximative: 65%. Article certifi\u00e9 GMP (Good Manufaturing&#8230;<\/p>\n","protected":false},"featured_media":26381,"template":"","meta":[],"product_cat":[338],"product_tag":[],"class_list":{"0":"post-26383","1":"product","2":"type-product","3":"status-publish","4":"has-post-thumbnail","6":"product_cat-voyage-bagagerie","8":"first","9":"instock","10":"shipping-taxable","11":"purchasable","12":"product-type-simple"},"_links":{"self":[{"href":"https:\/\/www.hapy-com.fr\/echoppe\/wp-json\/wp\/v2\/product\/26383","targetHints":{"allow":["GET"]}}],"collection":[{"href":"https:\/\/www.hapy-com.fr\/echoppe\/wp-json\/wp\/v2\/product"}],"about":[{"href":"https:\/\/www.hapy-com.fr\/echoppe\/wp-json\/wp\/v2\/types\/product"}],"wp:featuredmedia":[{"embeddable":true,"href":"https:\/\/www.hapy-com.fr\/echoppe\/wp-json\/wp\/v2\/media\/26381"}],"wp:attachment":[{"href":"https:\/\/www.hapy-com.fr\/echoppe\/wp-json\/wp\/v2\/media?parent=26383"}],"wp:term":[{"taxonomy":"product_cat","embeddable":true,"href":"https:\/\/www.hapy-com.fr\/echoppe\/wp-json\/wp\/v2\/product_cat?post=26383"},{"taxonomy":"product_tag","embeddable":true,"href":"https:\/\/www.hapy-com.fr\/echoppe\/wp-json\/wp\/v2\/product_tag?post=26383"}],"curies":[{"name":"wp","href":"https:\/\/api.w.org\/{rel}","templated":true}]}}