{"id":26389,"date":"2022-06-24T14:46:54","date_gmt":"2022-06-24T12:46:54","guid":{"rendered":"http:\/\/www.hapy-com.fr\/echoppe\/product\/set-voyage-lopix\/"},"modified":"2022-06-24T14:46:54","modified_gmt":"2022-06-24T12:46:54","slug":"set-voyage-lopix","status":"publish","type":"product","link":"https:\/\/www.hapy-com.fr\/echoppe\/product\/set-voyage-lopix\/","title":{"rendered":"Set Voyage Lopix"},"content":{"rendered":"<p>Set de voyage de 3 contenants en PP r\u00e9sistant, tr\u00e8s pratique. Comprend 3 bouteilles pour le gel, shampooing avec fermeture herm\u00e9tique. Pr\u00e9sent\u00e9 dans une boite design original.<\/p>\n","protected":false},"excerpt":{"rendered":"<p>Set de voyage de 3 contenants en PP r\u00e9sistant, tr\u00e8s pratique. Comprend 3 bouteilles pour le gel, shampooing avec fermeture herm\u00e9tique. Pr\u00e9sent\u00e9 dans une boite design original.<\/p>\n","protected":false},"featured_media":26387,"template":"","meta":[],"product_cat":[338],"product_tag":[],"class_list":{"0":"post-26389","1":"product","2":"type-product","3":"status-publish","4":"has-post-thumbnail","6":"product_cat-voyage-bagagerie","8":"first","9":"instock","10":"shipping-taxable","11":"purchasable","12":"product-type-simple"},"_links":{"self":[{"href":"https:\/\/www.hapy-com.fr\/echoppe\/wp-json\/wp\/v2\/product\/26389","targetHints":{"allow":["GET"]}}],"collection":[{"href":"https:\/\/www.hapy-com.fr\/echoppe\/wp-json\/wp\/v2\/product"}],"about":[{"href":"https:\/\/www.hapy-com.fr\/echoppe\/wp-json\/wp\/v2\/types\/product"}],"wp:featuredmedia":[{"embeddable":true,"href":"https:\/\/www.hapy-com.fr\/echoppe\/wp-json\/wp\/v2\/media\/26387"}],"wp:attachment":[{"href":"https:\/\/www.hapy-com.fr\/echoppe\/wp-json\/wp\/v2\/media?parent=26389"}],"wp:term":[{"taxonomy":"product_cat","embeddable":true,"href":"https:\/\/www.hapy-com.fr\/echoppe\/wp-json\/wp\/v2\/product_cat?post=26389"},{"taxonomy":"product_tag","embeddable":true,"href":"https:\/\/www.hapy-com.fr\/echoppe\/wp-json\/wp\/v2\/product_tag?post=26389"}],"curies":[{"name":"wp","href":"https:\/\/api.w.org\/{rel}","templated":true}]}}