{"id":26392,"date":"2022-06-24T14:46:57","date_gmt":"2022-06-24T12:46:57","guid":{"rendered":"http:\/\/www.hapy-com.fr\/echoppe\/product\/porte-cles-anticontact-cimak\/"},"modified":"2022-06-24T14:46:57","modified_gmt":"2022-06-24T12:46:57","slug":"porte-cles-anticontact-cimak","status":"publish","type":"product","link":"https:\/\/www.hapy-com.fr\/echoppe\/product\/porte-cles-anticontact-cimak\/","title":{"rendered":"Porte-Cl\u00e9s Anticontact Cimak"},"content":{"rendered":"<p>Porte-cl\u00e9s anti-contact hygi\u00e9nique avec stylo et stylet int\u00e9gr\u00e9s. Fabriqu\u00e9 en ABS durable avec une finition m\u00e9tallique et disponible dans une large gamme de couleurs. Sp\u00e9cialement con\u00e7u pour \u00e9viter de toucher les surfaces communes avec vos mains (poign\u00e9es de porte, interrupteurs, robinets publics, distributeurs automatiques de billets &#8230;). Pr\u00e9sentation individuelle. Recommand\u00e9 pour la tampographie.<\/p>\n","protected":false},"excerpt":{"rendered":"<p>Porte-cl\u00e9s anti-contact hygi\u00e9nique avec stylo et stylet int\u00e9gr\u00e9s. Fabriqu\u00e9 en ABS durable avec une finition m\u00e9tallique et disponible dans une large gamme de couleurs. Sp\u00e9cialement con\u00e7u pour \u00e9viter de toucher&#8230;<\/p>\n","protected":false},"featured_media":26390,"template":"","meta":[],"product_cat":[338],"product_tag":[],"class_list":{"0":"post-26392","1":"product","2":"type-product","3":"status-publish","4":"has-post-thumbnail","6":"product_cat-voyage-bagagerie","8":"first","9":"instock","10":"shipping-taxable","11":"purchasable","12":"product-type-simple"},"_links":{"self":[{"href":"https:\/\/www.hapy-com.fr\/echoppe\/wp-json\/wp\/v2\/product\/26392","targetHints":{"allow":["GET"]}}],"collection":[{"href":"https:\/\/www.hapy-com.fr\/echoppe\/wp-json\/wp\/v2\/product"}],"about":[{"href":"https:\/\/www.hapy-com.fr\/echoppe\/wp-json\/wp\/v2\/types\/product"}],"wp:featuredmedia":[{"embeddable":true,"href":"https:\/\/www.hapy-com.fr\/echoppe\/wp-json\/wp\/v2\/media\/26390"}],"wp:attachment":[{"href":"https:\/\/www.hapy-com.fr\/echoppe\/wp-json\/wp\/v2\/media?parent=26392"}],"wp:term":[{"taxonomy":"product_cat","embeddable":true,"href":"https:\/\/www.hapy-com.fr\/echoppe\/wp-json\/wp\/v2\/product_cat?post=26392"},{"taxonomy":"product_tag","embeddable":true,"href":"https:\/\/www.hapy-com.fr\/echoppe\/wp-json\/wp\/v2\/product_tag?post=26392"}],"curies":[{"name":"wp","href":"https:\/\/api.w.org\/{rel}","templated":true}]}}