{"id":26409,"date":"2022-06-24T14:47:11","date_gmt":"2022-06-24T12:47:11","guid":{"rendered":"http:\/\/www.hapy-com.fr\/echoppe\/product\/gel-hydroalcholique-trikel-5\/"},"modified":"2022-06-24T14:47:11","modified_gmt":"2022-06-24T12:47:11","slug":"gel-hydroalcholique-trikel-5","status":"publish","type":"product","link":"https:\/\/www.hapy-com.fr\/echoppe\/product\/gel-hydroalcholique-trikel-5\/","title":{"rendered":"Gel Hydroalcholique Trikel"},"content":{"rendered":"<p>Gel hydroalcoholic pour l\u2019hygi\u00e8ne et le nettoyage de la peau dans un flacon  rechargeable de 30 ml, avec extrait balsamique d\u2019Aloe Vera. Corps dans une gamme vari\u00e9e de couleurs, avec distributeur, bouchon de s\u00e9curit\u00e9 et carabinier pour le transport \/ fixation. Solution \u00e0 65% d\u2019alcool.  GMP (Good Manufaturing Practices \/ Correct Manufacturing Standards) article certifi\u00e9 qui assure le respect de mesures de contr\u00f4le rigoureuses pour obtenir un produit s\u00fbr et de qualit\u00e9.  Certification 94\/62\/EC disponible.  GMP (Good Manufaturing Practices \/ Correct Manufacturing Standards) article certifi\u00e9 qui assure le respect de mesures de contr\u00f4le rigoureuses pour obtenir un produit s\u00fbr et de qualit\u00e9.<\/p>\n","protected":false},"excerpt":{"rendered":"<p>Gel hydroalcoholic pour l\u2019hygi\u00e8ne et le nettoyage de la peau dans un flacon rechargeable de 30 ml, avec extrait balsamique d\u2019Aloe Vera. Corps dans une gamme vari\u00e9e de couleurs, avec&#8230;<\/p>\n","protected":false},"featured_media":26408,"template":"","meta":[],"product_cat":[338],"product_tag":[],"class_list":{"0":"post-26409","1":"product","2":"type-product","3":"status-publish","4":"has-post-thumbnail","6":"product_cat-voyage-bagagerie","8":"first","9":"instock","10":"shipping-taxable","11":"purchasable","12":"product-type-simple"},"_links":{"self":[{"href":"https:\/\/www.hapy-com.fr\/echoppe\/wp-json\/wp\/v2\/product\/26409","targetHints":{"allow":["GET"]}}],"collection":[{"href":"https:\/\/www.hapy-com.fr\/echoppe\/wp-json\/wp\/v2\/product"}],"about":[{"href":"https:\/\/www.hapy-com.fr\/echoppe\/wp-json\/wp\/v2\/types\/product"}],"wp:featuredmedia":[{"embeddable":true,"href":"https:\/\/www.hapy-com.fr\/echoppe\/wp-json\/wp\/v2\/media\/26408"}],"wp:attachment":[{"href":"https:\/\/www.hapy-com.fr\/echoppe\/wp-json\/wp\/v2\/media?parent=26409"}],"wp:term":[{"taxonomy":"product_cat","embeddable":true,"href":"https:\/\/www.hapy-com.fr\/echoppe\/wp-json\/wp\/v2\/product_cat?post=26409"},{"taxonomy":"product_tag","embeddable":true,"href":"https:\/\/www.hapy-com.fr\/echoppe\/wp-json\/wp\/v2\/product_tag?post=26409"}],"curies":[{"name":"wp","href":"https:\/\/api.w.org\/{rel}","templated":true}]}}