{"id":26421,"date":"2022-06-24T14:47:22","date_gmt":"2022-06-24T12:47:22","guid":{"rendered":"http:\/\/www.hapy-com.fr\/echoppe\/product\/necessaire-akilax-2\/"},"modified":"2022-06-24T14:47:22","modified_gmt":"2022-06-24T12:47:22","slug":"necessaire-akilax-2","status":"publish","type":"product","link":"https:\/\/www.hapy-com.fr\/echoppe\/product\/necessaire-akilax-2\/","title":{"rendered":"N\u00e9cessaire Akilax"},"content":{"rendered":"<p>Trousse de la ligne naturelle en RPET 600D r\u00e9sistant, fabriqu\u00e9 \u00e0 partir de plastique recycl\u00e9 pour promouvoir la r\u00e9utilisation des d\u00e9chets plastiques et contribuer \u00e0 la durabilit\u00e9 de la plan\u00e8te. Avec fermeture \u00e9clair et poign\u00e9e assortie. Disponible dans une large gamme de couleurs, avec badge RPET sur l\u2019\u00e9tiquette ext\u00e9rieure.<\/p>\n","protected":false},"excerpt":{"rendered":"<p>Trousse de la ligne naturelle en RPET 600D r\u00e9sistant, fabriqu\u00e9 \u00e0 partir de plastique recycl\u00e9 pour promouvoir la r\u00e9utilisation des d\u00e9chets plastiques et contribuer \u00e0 la durabilit\u00e9 de la plan\u00e8te&#8230;.<\/p>\n","protected":false},"featured_media":26420,"template":"","meta":[],"product_cat":[338],"product_tag":[],"class_list":{"0":"post-26421","1":"product","2":"type-product","3":"status-publish","4":"has-post-thumbnail","6":"product_cat-voyage-bagagerie","8":"first","9":"instock","10":"shipping-taxable","11":"purchasable","12":"product-type-simple"},"_links":{"self":[{"href":"https:\/\/www.hapy-com.fr\/echoppe\/wp-json\/wp\/v2\/product\/26421","targetHints":{"allow":["GET"]}}],"collection":[{"href":"https:\/\/www.hapy-com.fr\/echoppe\/wp-json\/wp\/v2\/product"}],"about":[{"href":"https:\/\/www.hapy-com.fr\/echoppe\/wp-json\/wp\/v2\/types\/product"}],"wp:featuredmedia":[{"embeddable":true,"href":"https:\/\/www.hapy-com.fr\/echoppe\/wp-json\/wp\/v2\/media\/26420"}],"wp:attachment":[{"href":"https:\/\/www.hapy-com.fr\/echoppe\/wp-json\/wp\/v2\/media?parent=26421"}],"wp:term":[{"taxonomy":"product_cat","embeddable":true,"href":"https:\/\/www.hapy-com.fr\/echoppe\/wp-json\/wp\/v2\/product_cat?post=26421"},{"taxonomy":"product_tag","embeddable":true,"href":"https:\/\/www.hapy-com.fr\/echoppe\/wp-json\/wp\/v2\/product_tag?post=26421"}],"curies":[{"name":"wp","href":"https:\/\/api.w.org\/{rel}","templated":true}]}}