{"id":26449,"date":"2022-06-24T14:47:47","date_gmt":"2022-06-24T12:47:47","guid":{"rendered":"http:\/\/www.hapy-com.fr\/echoppe\/product\/porte-documents-voyage-dakar-4\/"},"modified":"2022-06-24T14:47:47","modified_gmt":"2022-06-24T12:47:47","slug":"porte-documents-voyage-dakar-4","status":"publish","type":"product","link":"https:\/\/www.hapy-com.fr\/echoppe\/product\/porte-documents-voyage-dakar-4\/","title":{"rendered":"Porte-Documents Voyage Dakar"},"content":{"rendered":"<p>Porte-documents de voyage en polyester 300D robuste avec liser\u00e9 renforc\u00e9. Dispose de plusieurs pochettes int\u00e9rieures et d\u00b4un passant pour la ceinture. Fermeture par velcro.<\/p>\n","protected":false},"excerpt":{"rendered":"<p>Porte-documents de voyage en polyester 300D robuste avec liser\u00e9 renforc\u00e9. Dispose de plusieurs pochettes int\u00e9rieures et d\u00b4un passant pour la ceinture. Fermeture par velcro.<\/p>\n","protected":false},"featured_media":26448,"template":"","meta":[],"product_cat":[338],"product_tag":[],"class_list":{"0":"post-26449","1":"product","2":"type-product","3":"status-publish","4":"has-post-thumbnail","6":"product_cat-voyage-bagagerie","8":"first","9":"instock","10":"shipping-taxable","11":"purchasable","12":"product-type-simple"},"_links":{"self":[{"href":"https:\/\/www.hapy-com.fr\/echoppe\/wp-json\/wp\/v2\/product\/26449","targetHints":{"allow":["GET"]}}],"collection":[{"href":"https:\/\/www.hapy-com.fr\/echoppe\/wp-json\/wp\/v2\/product"}],"about":[{"href":"https:\/\/www.hapy-com.fr\/echoppe\/wp-json\/wp\/v2\/types\/product"}],"wp:featuredmedia":[{"embeddable":true,"href":"https:\/\/www.hapy-com.fr\/echoppe\/wp-json\/wp\/v2\/media\/26448"}],"wp:attachment":[{"href":"https:\/\/www.hapy-com.fr\/echoppe\/wp-json\/wp\/v2\/media?parent=26449"}],"wp:term":[{"taxonomy":"product_cat","embeddable":true,"href":"https:\/\/www.hapy-com.fr\/echoppe\/wp-json\/wp\/v2\/product_cat?post=26449"},{"taxonomy":"product_tag","embeddable":true,"href":"https:\/\/www.hapy-com.fr\/echoppe\/wp-json\/wp\/v2\/product_tag?post=26449"}],"curies":[{"name":"wp","href":"https:\/\/api.w.org\/{rel}","templated":true}]}}