{"id":26460,"date":"2022-06-24T14:47:58","date_gmt":"2022-06-24T12:47:58","guid":{"rendered":"http:\/\/www.hapy-com.fr\/echoppe\/product\/porte-documents-voyage-lisboa-4\/"},"modified":"2022-06-24T14:47:58","modified_gmt":"2022-06-24T12:47:58","slug":"porte-documents-voyage-lisboa-4","status":"publish","type":"product","link":"https:\/\/www.hapy-com.fr\/echoppe\/product\/porte-documents-voyage-lisboa-4\/","title":{"rendered":"Porte-Documents Voyage Lisboa"},"content":{"rendered":"<p>Porte-documents de voyage en polyester 600D r\u00e9sistant d\u00e9clin\u00e9 dans et une large palette de couleurs vives. Fermeture par velcro, int\u00e9rieur doubl\u00e9 et passant pour ceinture au dos.<\/p>\n","protected":false},"excerpt":{"rendered":"<p>Porte-documents de voyage en polyester 600D r\u00e9sistant d\u00e9clin\u00e9 dans et une large palette de couleurs vives. Fermeture par velcro, int\u00e9rieur doubl\u00e9 et passant pour ceinture au dos.<\/p>\n","protected":false},"featured_media":26459,"template":"","meta":[],"product_cat":[338],"product_tag":[],"class_list":{"0":"post-26460","1":"product","2":"type-product","3":"status-publish","4":"has-post-thumbnail","6":"product_cat-voyage-bagagerie","8":"first","9":"instock","10":"shipping-taxable","11":"purchasable","12":"product-type-simple"},"_links":{"self":[{"href":"https:\/\/www.hapy-com.fr\/echoppe\/wp-json\/wp\/v2\/product\/26460","targetHints":{"allow":["GET"]}}],"collection":[{"href":"https:\/\/www.hapy-com.fr\/echoppe\/wp-json\/wp\/v2\/product"}],"about":[{"href":"https:\/\/www.hapy-com.fr\/echoppe\/wp-json\/wp\/v2\/types\/product"}],"wp:featuredmedia":[{"embeddable":true,"href":"https:\/\/www.hapy-com.fr\/echoppe\/wp-json\/wp\/v2\/media\/26459"}],"wp:attachment":[{"href":"https:\/\/www.hapy-com.fr\/echoppe\/wp-json\/wp\/v2\/media?parent=26460"}],"wp:term":[{"taxonomy":"product_cat","embeddable":true,"href":"https:\/\/www.hapy-com.fr\/echoppe\/wp-json\/wp\/v2\/product_cat?post=26460"},{"taxonomy":"product_tag","embeddable":true,"href":"https:\/\/www.hapy-com.fr\/echoppe\/wp-json\/wp\/v2\/product_tag?post=26460"}],"curies":[{"name":"wp","href":"https:\/\/api.w.org\/{rel}","templated":true}]}}