{"id":26476,"date":"2022-06-24T14:48:12","date_gmt":"2022-06-24T12:48:12","guid":{"rendered":"http:\/\/www.hapy-com.fr\/echoppe\/product\/trolley-pliable-soch\/"},"modified":"2022-06-24T14:48:12","modified_gmt":"2022-06-24T12:48:12","slug":"trolley-pliable-soch","status":"publish","type":"product","link":"https:\/\/www.hapy-com.fr\/echoppe\/product\/trolley-pliable-soch\/","title":{"rendered":"Trolley Pliable Soch"},"content":{"rendered":"<p>Valise trolley pliante \u00e0 2 roues en polyester 600D r\u00e9sistant. Design bicolore. Compartiment principal avec int\u00e9rieur doubl\u00e9, Fermeture zipp\u00e9e \u00e0 double curseur et poche zipp\u00e9e sur le devant. Poign\u00e9e rembourr\u00e9e et base renforc\u00e9e avec pieds robustes et roulettes assorties.<\/p>\n","protected":false},"excerpt":{"rendered":"<p>Valise trolley pliante \u00e0 2 roues en polyester 600D r\u00e9sistant. Design bicolore. Compartiment principal avec int\u00e9rieur doubl\u00e9, Fermeture zipp\u00e9e \u00e0 double curseur et poche zipp\u00e9e sur le devant. Poign\u00e9e rembourr\u00e9e&#8230;<\/p>\n","protected":false},"featured_media":26474,"template":"","meta":[],"product_cat":[338],"product_tag":[],"class_list":{"0":"post-26476","1":"product","2":"type-product","3":"status-publish","4":"has-post-thumbnail","6":"product_cat-voyage-bagagerie","8":"first","9":"instock","10":"shipping-taxable","11":"purchasable","12":"product-type-simple"},"_links":{"self":[{"href":"https:\/\/www.hapy-com.fr\/echoppe\/wp-json\/wp\/v2\/product\/26476","targetHints":{"allow":["GET"]}}],"collection":[{"href":"https:\/\/www.hapy-com.fr\/echoppe\/wp-json\/wp\/v2\/product"}],"about":[{"href":"https:\/\/www.hapy-com.fr\/echoppe\/wp-json\/wp\/v2\/types\/product"}],"wp:featuredmedia":[{"embeddable":true,"href":"https:\/\/www.hapy-com.fr\/echoppe\/wp-json\/wp\/v2\/media\/26474"}],"wp:attachment":[{"href":"https:\/\/www.hapy-com.fr\/echoppe\/wp-json\/wp\/v2\/media?parent=26476"}],"wp:term":[{"taxonomy":"product_cat","embeddable":true,"href":"https:\/\/www.hapy-com.fr\/echoppe\/wp-json\/wp\/v2\/product_cat?post=26476"},{"taxonomy":"product_tag","embeddable":true,"href":"https:\/\/www.hapy-com.fr\/echoppe\/wp-json\/wp\/v2\/product_tag?post=26476"}],"curies":[{"name":"wp","href":"https:\/\/api.w.org\/{rel}","templated":true}]}}