{"id":26491,"date":"2022-06-24T14:51:46","date_gmt":"2022-06-24T12:51:46","guid":{"rendered":"http:\/\/www.hapy-com.fr\/echoppe\/product\/agitateur-charax-2\/"},"modified":"2022-06-24T14:51:46","modified_gmt":"2022-06-24T12:51:46","slug":"agitateur-charax-2","status":"publish","type":"product","link":"https:\/\/www.hapy-com.fr\/echoppe\/product\/agitateur-charax-2\/","title":{"rendered":"Agitateur Charax"},"content":{"rendered":"<p>Touillette pour boisson, 21 cm. Agitateur avec un forme en spirale, transparente et extr\u00e9mit\u00e9 plat, avec une zone pr\u00e9vu pour le marquage.<\/p>\n","protected":false},"excerpt":{"rendered":"<p>Touillette pour boisson, 21 cm. Agitateur avec un forme en spirale, transparente et extr\u00e9mit\u00e9 plat, avec une zone pr\u00e9vu pour le marquage.<\/p>\n","protected":false},"featured_media":10213,"template":"","meta":[],"product_cat":[345],"product_tag":[],"class_list":{"0":"post-26491","1":"product","2":"type-product","3":"status-publish","4":"has-post-thumbnail","6":"product_cat-accessoires","8":"first","9":"instock","10":"shipping-taxable","11":"purchasable","12":"product-type-simple"},"_links":{"self":[{"href":"https:\/\/www.hapy-com.fr\/echoppe\/wp-json\/wp\/v2\/product\/26491","targetHints":{"allow":["GET"]}}],"collection":[{"href":"https:\/\/www.hapy-com.fr\/echoppe\/wp-json\/wp\/v2\/product"}],"about":[{"href":"https:\/\/www.hapy-com.fr\/echoppe\/wp-json\/wp\/v2\/types\/product"}],"wp:featuredmedia":[{"embeddable":true,"href":"https:\/\/www.hapy-com.fr\/echoppe\/wp-json\/wp\/v2\/media\/10213"}],"wp:attachment":[{"href":"https:\/\/www.hapy-com.fr\/echoppe\/wp-json\/wp\/v2\/media?parent=26491"}],"wp:term":[{"taxonomy":"product_cat","embeddable":true,"href":"https:\/\/www.hapy-com.fr\/echoppe\/wp-json\/wp\/v2\/product_cat?post=26491"},{"taxonomy":"product_tag","embeddable":true,"href":"https:\/\/www.hapy-com.fr\/echoppe\/wp-json\/wp\/v2\/product_tag?post=26491"}],"curies":[{"name":"wp","href":"https:\/\/api.w.org\/{rel}","templated":true}]}}