{"id":26498,"date":"2022-06-24T14:51:48","date_gmt":"2022-06-24T12:51:48","guid":{"rendered":"http:\/\/www.hapy-com.fr\/echoppe\/product\/lingettes-compac-2\/"},"modified":"2022-06-24T14:51:48","modified_gmt":"2022-06-24T12:51:48","slug":"lingettes-compac-2","status":"publish","type":"product","link":"https:\/\/www.hapy-com.fr\/echoppe\/product\/lingettes-compac-2\/","title":{"rendered":"Lingettes Compac"},"content":{"rendered":"<p>Set de 10 lingettes compactes qui se d\u00e9veloppent au contact de l\u2019eau jusqu\u2019\u00e0 une taille de 23x23cm. Pr\u00e9sent\u00e9es en tube individuel transparent avec fermeture.<\/p>\n","protected":false},"excerpt":{"rendered":"<p>Set de 10 lingettes compactes qui se d\u00e9veloppent au contact de l\u2019eau jusqu\u2019\u00e0 une taille de 23x23cm. Pr\u00e9sent\u00e9es en tube individuel transparent avec fermeture.<\/p>\n","protected":false},"featured_media":10219,"template":"","meta":[],"product_cat":[345],"product_tag":[],"class_list":{"0":"post-26498","1":"product","2":"type-product","3":"status-publish","4":"has-post-thumbnail","6":"product_cat-accessoires","8":"first","9":"instock","10":"shipping-taxable","11":"purchasable","12":"product-type-simple"},"_links":{"self":[{"href":"https:\/\/www.hapy-com.fr\/echoppe\/wp-json\/wp\/v2\/product\/26498","targetHints":{"allow":["GET"]}}],"collection":[{"href":"https:\/\/www.hapy-com.fr\/echoppe\/wp-json\/wp\/v2\/product"}],"about":[{"href":"https:\/\/www.hapy-com.fr\/echoppe\/wp-json\/wp\/v2\/types\/product"}],"wp:featuredmedia":[{"embeddable":true,"href":"https:\/\/www.hapy-com.fr\/echoppe\/wp-json\/wp\/v2\/media\/10219"}],"wp:attachment":[{"href":"https:\/\/www.hapy-com.fr\/echoppe\/wp-json\/wp\/v2\/media?parent=26498"}],"wp:term":[{"taxonomy":"product_cat","embeddable":true,"href":"https:\/\/www.hapy-com.fr\/echoppe\/wp-json\/wp\/v2\/product_cat?post=26498"},{"taxonomy":"product_tag","embeddable":true,"href":"https:\/\/www.hapy-com.fr\/echoppe\/wp-json\/wp\/v2\/product_tag?post=26498"}],"curies":[{"name":"wp","href":"https:\/\/api.w.org\/{rel}","templated":true}]}}