{"id":26499,"date":"2022-06-24T14:51:48","date_gmt":"2022-06-24T12:51:48","guid":{"rendered":"http:\/\/www.hapy-com.fr\/echoppe\/product\/sac-holden-2\/"},"modified":"2022-06-24T14:51:48","modified_gmt":"2022-06-24T12:51:48","slug":"sac-holden-2","status":"publish","type":"product","link":"https:\/\/www.hapy-com.fr\/echoppe\/product\/sac-holden-2\/","title":{"rendered":"Sac Holden"},"content":{"rendered":"<p>Sac r\u00e9sistant en toile de jute lamin\u00e9e pour bouteille de vin de 75cl. Avec fen\u00eatre transparente, liser\u00e9s et poign\u00e9es renforc\u00e9es<\/p>\n","protected":false},"excerpt":{"rendered":"<p>Sac r\u00e9sistant en toile de jute lamin\u00e9e pour bouteille de vin de 75cl. Avec fen\u00eatre transparente, liser\u00e9s et poign\u00e9es renforc\u00e9es<\/p>\n","protected":false},"featured_media":10220,"template":"","meta":[],"product_cat":[345],"product_tag":[],"class_list":{"0":"post-26499","1":"product","2":"type-product","3":"status-publish","4":"has-post-thumbnail","6":"product_cat-accessoires","8":"first","9":"instock","10":"shipping-taxable","11":"purchasable","12":"product-type-simple"},"_links":{"self":[{"href":"https:\/\/www.hapy-com.fr\/echoppe\/wp-json\/wp\/v2\/product\/26499","targetHints":{"allow":["GET"]}}],"collection":[{"href":"https:\/\/www.hapy-com.fr\/echoppe\/wp-json\/wp\/v2\/product"}],"about":[{"href":"https:\/\/www.hapy-com.fr\/echoppe\/wp-json\/wp\/v2\/types\/product"}],"wp:featuredmedia":[{"embeddable":true,"href":"https:\/\/www.hapy-com.fr\/echoppe\/wp-json\/wp\/v2\/media\/10220"}],"wp:attachment":[{"href":"https:\/\/www.hapy-com.fr\/echoppe\/wp-json\/wp\/v2\/media?parent=26499"}],"wp:term":[{"taxonomy":"product_cat","embeddable":true,"href":"https:\/\/www.hapy-com.fr\/echoppe\/wp-json\/wp\/v2\/product_cat?post=26499"},{"taxonomy":"product_tag","embeddable":true,"href":"https:\/\/www.hapy-com.fr\/echoppe\/wp-json\/wp\/v2\/product_tag?post=26499"}],"curies":[{"name":"wp","href":"https:\/\/api.w.org\/{rel}","templated":true}]}}