{"id":26501,"date":"2022-06-24T14:51:49","date_gmt":"2022-06-24T12:51:49","guid":{"rendered":"http:\/\/www.hapy-com.fr\/echoppe\/product\/set-vin-sarap-2\/"},"modified":"2022-06-24T14:51:49","modified_gmt":"2022-06-24T12:51:49","slug":"set-vin-sarap-2","status":"publish","type":"product","link":"https:\/\/www.hapy-com.fr\/echoppe\/product\/set-vin-sarap-2\/","title":{"rendered":"Set Vin Sarap"},"content":{"rendered":"<p>Original set de vins en forme de bouteille avec toucher ext\u00e9rieur lisse, fermeture magn\u00e9tique et accessoires en acier inoxydable. Comprend un tire-bouchon avec coupe capsule et ouvre capsule, un bouchon doseur et un dispositif anti-goutte. Pr\u00e9sent\u00e9 dans un \u00e9tui individuel avec un int\u00e9rieur en mousse souple.<\/p>\n","protected":false},"excerpt":{"rendered":"<p>Original set de vins en forme de bouteille avec toucher ext\u00e9rieur lisse, fermeture magn\u00e9tique et accessoires en acier inoxydable. Comprend un tire-bouchon avec coupe capsule et ouvre capsule, un bouchon&#8230;<\/p>\n","protected":false},"featured_media":10225,"template":"","meta":[],"product_cat":[345],"product_tag":[],"class_list":{"0":"post-26501","1":"product","2":"type-product","3":"status-publish","4":"has-post-thumbnail","6":"product_cat-accessoires","8":"first","9":"instock","10":"shipping-taxable","11":"purchasable","12":"product-type-simple"},"_links":{"self":[{"href":"https:\/\/www.hapy-com.fr\/echoppe\/wp-json\/wp\/v2\/product\/26501","targetHints":{"allow":["GET"]}}],"collection":[{"href":"https:\/\/www.hapy-com.fr\/echoppe\/wp-json\/wp\/v2\/product"}],"about":[{"href":"https:\/\/www.hapy-com.fr\/echoppe\/wp-json\/wp\/v2\/types\/product"}],"wp:featuredmedia":[{"embeddable":true,"href":"https:\/\/www.hapy-com.fr\/echoppe\/wp-json\/wp\/v2\/media\/10225"}],"wp:attachment":[{"href":"https:\/\/www.hapy-com.fr\/echoppe\/wp-json\/wp\/v2\/media?parent=26501"}],"wp:term":[{"taxonomy":"product_cat","embeddable":true,"href":"https:\/\/www.hapy-com.fr\/echoppe\/wp-json\/wp\/v2\/product_cat?post=26501"},{"taxonomy":"product_tag","embeddable":true,"href":"https:\/\/www.hapy-com.fr\/echoppe\/wp-json\/wp\/v2\/product_tag?post=26501"}],"curies":[{"name":"wp","href":"https:\/\/api.w.org\/{rel}","templated":true}]}}