{"id":26531,"date":"2022-06-24T14:52:12","date_gmt":"2022-06-24T12:52:12","guid":{"rendered":"http:\/\/www.hapy-com.fr\/echoppe\/product\/bracelet-mawi-3\/"},"modified":"2022-06-24T14:52:12","modified_gmt":"2022-06-24T12:52:12","slug":"bracelet-mawi-3","status":"publish","type":"product","link":"https:\/\/www.hapy-com.fr\/echoppe\/product\/bracelet-mawi-3\/","title":{"rendered":"Bracelet Mawi"},"content":{"rendered":"<p>Bracelet en fibre synth\u00e9tique pour enfant, disponible dans une large gamme de couleurs vives. Avec champs d\u00b4identification,  fermeture adh\u00e9sive, r\u00e9sistant \u00e0 l\u00b4eau et pr\u00e9sent\u00e9 en planche pr\u00e9d\u00e9coup\u00e9e de 10 pi\u00e8ces.<\/p>\n","protected":false},"excerpt":{"rendered":"<p>Bracelet en fibre synth\u00e9tique pour enfant, disponible dans une large gamme de couleurs vives. Avec champs d\u00b4identification, fermeture adh\u00e9sive, r\u00e9sistant \u00e0 l\u00b4eau et pr\u00e9sent\u00e9 en planche pr\u00e9d\u00e9coup\u00e9e de 10 pi\u00e8ces.<\/p>\n","protected":false},"featured_media":26530,"template":"","meta":[],"product_cat":[345],"product_tag":[],"class_list":{"0":"post-26531","1":"product","2":"type-product","3":"status-publish","4":"has-post-thumbnail","6":"product_cat-accessoires","8":"first","9":"instock","10":"shipping-taxable","11":"purchasable","12":"product-type-simple"},"_links":{"self":[{"href":"https:\/\/www.hapy-com.fr\/echoppe\/wp-json\/wp\/v2\/product\/26531","targetHints":{"allow":["GET"]}}],"collection":[{"href":"https:\/\/www.hapy-com.fr\/echoppe\/wp-json\/wp\/v2\/product"}],"about":[{"href":"https:\/\/www.hapy-com.fr\/echoppe\/wp-json\/wp\/v2\/types\/product"}],"wp:featuredmedia":[{"embeddable":true,"href":"https:\/\/www.hapy-com.fr\/echoppe\/wp-json\/wp\/v2\/media\/26530"}],"wp:attachment":[{"href":"https:\/\/www.hapy-com.fr\/echoppe\/wp-json\/wp\/v2\/media?parent=26531"}],"wp:term":[{"taxonomy":"product_cat","embeddable":true,"href":"https:\/\/www.hapy-com.fr\/echoppe\/wp-json\/wp\/v2\/product_cat?post=26531"},{"taxonomy":"product_tag","embeddable":true,"href":"https:\/\/www.hapy-com.fr\/echoppe\/wp-json\/wp\/v2\/product_tag?post=26531"}],"curies":[{"name":"wp","href":"https:\/\/api.w.org\/{rel}","templated":true}]}}