{"id":26579,"date":"2022-06-24T14:52:42","date_gmt":"2022-06-24T12:52:42","guid":{"rendered":"http:\/\/www.hapy-com.fr\/echoppe\/product\/mesureur-de-boisson-roley-2\/"},"modified":"2022-06-24T14:52:42","modified_gmt":"2022-06-24T12:52:42","slug":"mesureur-de-boisson-roley-2","status":"publish","type":"product","link":"https:\/\/www.hapy-com.fr\/echoppe\/product\/mesureur-de-boisson-roley-2\/","title":{"rendered":"Mesureur de Boisson Roley"},"content":{"rendered":"<p>Mesure \u00e0 boissons en acier inoxydable finition mate. Sp\u00e9cialement con\u00e7ue pour le marquage laser et pr\u00e9sent\u00e9 dans une bo\u00eete en PVC.<\/p>\n","protected":false},"excerpt":{"rendered":"<p>Mesure \u00e0 boissons en acier inoxydable finition mate. Sp\u00e9cialement con\u00e7ue pour le marquage laser et pr\u00e9sent\u00e9 dans une bo\u00eete en PVC.<\/p>\n","protected":false},"featured_media":10258,"template":"","meta":[],"product_cat":[345],"product_tag":[],"class_list":{"0":"post-26579","1":"product","2":"type-product","3":"status-publish","4":"has-post-thumbnail","6":"product_cat-accessoires","8":"first","9":"instock","10":"shipping-taxable","11":"purchasable","12":"product-type-simple"},"_links":{"self":[{"href":"https:\/\/www.hapy-com.fr\/echoppe\/wp-json\/wp\/v2\/product\/26579","targetHints":{"allow":["GET"]}}],"collection":[{"href":"https:\/\/www.hapy-com.fr\/echoppe\/wp-json\/wp\/v2\/product"}],"about":[{"href":"https:\/\/www.hapy-com.fr\/echoppe\/wp-json\/wp\/v2\/types\/product"}],"wp:featuredmedia":[{"embeddable":true,"href":"https:\/\/www.hapy-com.fr\/echoppe\/wp-json\/wp\/v2\/media\/10258"}],"wp:attachment":[{"href":"https:\/\/www.hapy-com.fr\/echoppe\/wp-json\/wp\/v2\/media?parent=26579"}],"wp:term":[{"taxonomy":"product_cat","embeddable":true,"href":"https:\/\/www.hapy-com.fr\/echoppe\/wp-json\/wp\/v2\/product_cat?post=26579"},{"taxonomy":"product_tag","embeddable":true,"href":"https:\/\/www.hapy-com.fr\/echoppe\/wp-json\/wp\/v2\/product_tag?post=26579"}],"curies":[{"name":"wp","href":"https:\/\/api.w.org\/{rel}","templated":true}]}}