{"id":26581,"date":"2022-06-24T14:52:42","date_gmt":"2022-06-24T12:52:42","guid":{"rendered":"http:\/\/www.hapy-com.fr\/echoppe\/product\/tablier-milty-2\/"},"modified":"2022-06-24T14:52:42","modified_gmt":"2022-06-24T12:52:42","slug":"tablier-milty-2","status":"publish","type":"product","link":"https:\/\/www.hapy-com.fr\/echoppe\/product\/tablier-milty-2\/","title":{"rendered":"Tablier Milty"},"content":{"rendered":"<p>Tablier pour la taille en 100% polyester avec une finition douce dans une \u00e9l\u00e9gante couleur noire. Avec 2 grandes poches, poche moyenne et \u00e9tui \u00e0 stylo. R\u00e9glable par cordons.<\/p>\n","protected":false},"excerpt":{"rendered":"<p>Tablier pour la taille en 100% polyester avec une finition douce dans une \u00e9l\u00e9gante couleur noire. Avec 2 grandes poches, poche moyenne et \u00e9tui \u00e0 stylo. R\u00e9glable par cordons.<\/p>\n","protected":false},"featured_media":10260,"template":"","meta":[],"product_cat":[345],"product_tag":[],"class_list":{"0":"post-26581","1":"product","2":"type-product","3":"status-publish","4":"has-post-thumbnail","6":"product_cat-accessoires","8":"first","9":"instock","10":"shipping-taxable","11":"purchasable","12":"product-type-simple"},"_links":{"self":[{"href":"https:\/\/www.hapy-com.fr\/echoppe\/wp-json\/wp\/v2\/product\/26581","targetHints":{"allow":["GET"]}}],"collection":[{"href":"https:\/\/www.hapy-com.fr\/echoppe\/wp-json\/wp\/v2\/product"}],"about":[{"href":"https:\/\/www.hapy-com.fr\/echoppe\/wp-json\/wp\/v2\/types\/product"}],"wp:featuredmedia":[{"embeddable":true,"href":"https:\/\/www.hapy-com.fr\/echoppe\/wp-json\/wp\/v2\/media\/10260"}],"wp:attachment":[{"href":"https:\/\/www.hapy-com.fr\/echoppe\/wp-json\/wp\/v2\/media?parent=26581"}],"wp:term":[{"taxonomy":"product_cat","embeddable":true,"href":"https:\/\/www.hapy-com.fr\/echoppe\/wp-json\/wp\/v2\/product_cat?post=26581"},{"taxonomy":"product_tag","embeddable":true,"href":"https:\/\/www.hapy-com.fr\/echoppe\/wp-json\/wp\/v2\/product_tag?post=26581"}],"curies":[{"name":"wp","href":"https:\/\/api.w.org\/{rel}","templated":true}]}}