{"id":26600,"date":"2022-06-24T14:52:52","date_gmt":"2022-06-24T12:52:52","guid":{"rendered":"http:\/\/www.hapy-com.fr\/echoppe\/product\/shaker-tobassy-2\/"},"modified":"2022-06-24T14:52:52","modified_gmt":"2022-06-24T12:52:52","slug":"shaker-tobassy-2","status":"publish","type":"product","link":"https:\/\/www.hapy-com.fr\/echoppe\/product\/shaker-tobassy-2\/","title":{"rendered":"Shaker Tobassy"},"content":{"rendered":"<p>Shaker \u00e0 cocktail de 550ml en acier inoxydable semi-mat. Fermeture de s\u00e9curit\u00e9 et bouchon doseur sur le dessus.<\/p>\n","protected":false},"excerpt":{"rendered":"<p>Shaker \u00e0 cocktail de 550ml en acier inoxydable semi-mat. Fermeture de s\u00e9curit\u00e9 et bouchon doseur sur le dessus.<\/p>\n","protected":false},"featured_media":10285,"template":"","meta":[],"product_cat":[345],"product_tag":[],"class_list":{"0":"post-26600","1":"product","2":"type-product","3":"status-publish","4":"has-post-thumbnail","6":"product_cat-accessoires","8":"first","9":"instock","10":"shipping-taxable","11":"purchasable","12":"product-type-simple"},"_links":{"self":[{"href":"https:\/\/www.hapy-com.fr\/echoppe\/wp-json\/wp\/v2\/product\/26600","targetHints":{"allow":["GET"]}}],"collection":[{"href":"https:\/\/www.hapy-com.fr\/echoppe\/wp-json\/wp\/v2\/product"}],"about":[{"href":"https:\/\/www.hapy-com.fr\/echoppe\/wp-json\/wp\/v2\/types\/product"}],"wp:featuredmedia":[{"embeddable":true,"href":"https:\/\/www.hapy-com.fr\/echoppe\/wp-json\/wp\/v2\/media\/10285"}],"wp:attachment":[{"href":"https:\/\/www.hapy-com.fr\/echoppe\/wp-json\/wp\/v2\/media?parent=26600"}],"wp:term":[{"taxonomy":"product_cat","embeddable":true,"href":"https:\/\/www.hapy-com.fr\/echoppe\/wp-json\/wp\/v2\/product_cat?post=26600"},{"taxonomy":"product_tag","embeddable":true,"href":"https:\/\/www.hapy-com.fr\/echoppe\/wp-json\/wp\/v2\/product_tag?post=26600"}],"curies":[{"name":"wp","href":"https:\/\/api.w.org\/{rel}","templated":true}]}}