{"id":26602,"date":"2022-06-24T14:52:53","date_gmt":"2022-06-24T12:52:53","guid":{"rendered":"http:\/\/www.hapy-com.fr\/echoppe\/product\/fidget-spinner-ouvre-bouteille-slack-2\/"},"modified":"2022-06-24T14:52:53","modified_gmt":"2022-06-24T12:52:53","slug":"fidget-spinner-ouvre-bouteille-slack-2","status":"publish","type":"product","link":"https:\/\/www.hapy-com.fr\/echoppe\/product\/fidget-spinner-ouvre-bouteille-slack-2\/","title":{"rendered":"Fidget Spinner Ouvre Bouteille Slack"},"content":{"rendered":"<p>Ce spinner anti-stress original int\u00e8gre deux ouvre-bouteilles en m\u00e9tal. Gamme vari\u00e9e de couleurs vives.<\/p>\n","protected":false},"excerpt":{"rendered":"<p>Ce spinner anti-stress original int\u00e8gre deux ouvre-bouteilles en m\u00e9tal. Gamme vari\u00e9e de couleurs vives.<\/p>\n","protected":false},"featured_media":10287,"template":"","meta":[],"product_cat":[345],"product_tag":[],"class_list":{"0":"post-26602","1":"product","2":"type-product","3":"status-publish","4":"has-post-thumbnail","6":"product_cat-accessoires","8":"first","9":"instock","10":"shipping-taxable","11":"purchasable","12":"product-type-simple"},"_links":{"self":[{"href":"https:\/\/www.hapy-com.fr\/echoppe\/wp-json\/wp\/v2\/product\/26602","targetHints":{"allow":["GET"]}}],"collection":[{"href":"https:\/\/www.hapy-com.fr\/echoppe\/wp-json\/wp\/v2\/product"}],"about":[{"href":"https:\/\/www.hapy-com.fr\/echoppe\/wp-json\/wp\/v2\/types\/product"}],"wp:featuredmedia":[{"embeddable":true,"href":"https:\/\/www.hapy-com.fr\/echoppe\/wp-json\/wp\/v2\/media\/10287"}],"wp:attachment":[{"href":"https:\/\/www.hapy-com.fr\/echoppe\/wp-json\/wp\/v2\/media?parent=26602"}],"wp:term":[{"taxonomy":"product_cat","embeddable":true,"href":"https:\/\/www.hapy-com.fr\/echoppe\/wp-json\/wp\/v2\/product_cat?post=26602"},{"taxonomy":"product_tag","embeddable":true,"href":"https:\/\/www.hapy-com.fr\/echoppe\/wp-json\/wp\/v2\/product_tag?post=26602"}],"curies":[{"name":"wp","href":"https:\/\/api.w.org\/{rel}","templated":true}]}}