{"id":26617,"date":"2022-06-24T14:53:04","date_gmt":"2022-06-24T12:53:04","guid":{"rendered":"http:\/\/www.hapy-com.fr\/echoppe\/product\/set-vin-sousky-2\/"},"modified":"2022-06-24T14:53:04","modified_gmt":"2022-06-24T12:53:04","slug":"set-vin-sousky-2","status":"publish","type":"product","link":"https:\/\/www.hapy-com.fr\/echoppe\/product\/set-vin-sousky-2\/","title":{"rendered":"Set Vin Sousky"},"content":{"rendered":"<p>Original set de vin en forme de bouteille de vin au fini brillant, fermeture magn\u00e9tique et accessoires en acier inoxydable. Il comprend un tire-bouchon avec un coupe-capsule et un ouvre-bouteille, un bouchon de dosage, un bac de r\u00e9cup\u00e9ration, un coupe-capsule et un bouchon. Pr\u00e9sent\u00e9 dans un etui individuel avec int\u00e9rieur en mousse d\u00e9coup\u00e9e.<\/p>\n","protected":false},"excerpt":{"rendered":"<p>Original set de vin en forme de bouteille de vin au fini brillant, fermeture magn\u00e9tique et accessoires en acier inoxydable. Il comprend un tire-bouchon avec un coupe-capsule et un ouvre-bouteille,&#8230;<\/p>\n","protected":false},"featured_media":10290,"template":"","meta":[],"product_cat":[345],"product_tag":[],"class_list":{"0":"post-26617","1":"product","2":"type-product","3":"status-publish","4":"has-post-thumbnail","6":"product_cat-accessoires","8":"first","9":"instock","10":"shipping-taxable","11":"purchasable","12":"product-type-simple"},"_links":{"self":[{"href":"https:\/\/www.hapy-com.fr\/echoppe\/wp-json\/wp\/v2\/product\/26617","targetHints":{"allow":["GET"]}}],"collection":[{"href":"https:\/\/www.hapy-com.fr\/echoppe\/wp-json\/wp\/v2\/product"}],"about":[{"href":"https:\/\/www.hapy-com.fr\/echoppe\/wp-json\/wp\/v2\/types\/product"}],"wp:featuredmedia":[{"embeddable":true,"href":"https:\/\/www.hapy-com.fr\/echoppe\/wp-json\/wp\/v2\/media\/10290"}],"wp:attachment":[{"href":"https:\/\/www.hapy-com.fr\/echoppe\/wp-json\/wp\/v2\/media?parent=26617"}],"wp:term":[{"taxonomy":"product_cat","embeddable":true,"href":"https:\/\/www.hapy-com.fr\/echoppe\/wp-json\/wp\/v2\/product_cat?post=26617"},{"taxonomy":"product_tag","embeddable":true,"href":"https:\/\/www.hapy-com.fr\/echoppe\/wp-json\/wp\/v2\/product_tag?post=26617"}],"curies":[{"name":"wp","href":"https:\/\/api.w.org\/{rel}","templated":true}]}}