{"id":26619,"date":"2022-06-24T14:53:04","date_gmt":"2022-06-24T12:53:04","guid":{"rendered":"http:\/\/www.hapy-com.fr\/echoppe\/product\/tire-bouchon-ouvre-bouteille-plaquen-2\/"},"modified":"2022-06-24T14:53:04","modified_gmt":"2022-06-24T12:53:04","slug":"tire-bouchon-ouvre-bouteille-plaquen-2","status":"publish","type":"product","link":"https:\/\/www.hapy-com.fr\/echoppe\/product\/tire-bouchon-ouvre-bouteille-plaquen-2\/","title":{"rendered":"Tire-Bouchon Ouvre Bouteille Plaquen"},"content":{"rendered":"<p>Tire-bouchon sommelier en acier inoxydable. M\u00e9canisme \u00e0 deux crans. D\u00e9capsuleur, coupe-capsule et tire-bouchon. Pr\u00e9sentation sous bo\u00eete individuelle.<\/p>\n","protected":false},"excerpt":{"rendered":"<p>Tire-bouchon sommelier en acier inoxydable. M\u00e9canisme \u00e0 deux crans. D\u00e9capsuleur, coupe-capsule et tire-bouchon. Pr\u00e9sentation sous bo\u00eete individuelle.<\/p>\n","protected":false},"featured_media":10293,"template":"","meta":[],"product_cat":[345],"product_tag":[],"class_list":{"0":"post-26619","1":"product","2":"type-product","3":"status-publish","4":"has-post-thumbnail","6":"product_cat-accessoires","8":"first","9":"instock","10":"shipping-taxable","11":"purchasable","12":"product-type-simple"},"_links":{"self":[{"href":"https:\/\/www.hapy-com.fr\/echoppe\/wp-json\/wp\/v2\/product\/26619","targetHints":{"allow":["GET"]}}],"collection":[{"href":"https:\/\/www.hapy-com.fr\/echoppe\/wp-json\/wp\/v2\/product"}],"about":[{"href":"https:\/\/www.hapy-com.fr\/echoppe\/wp-json\/wp\/v2\/types\/product"}],"wp:featuredmedia":[{"embeddable":true,"href":"https:\/\/www.hapy-com.fr\/echoppe\/wp-json\/wp\/v2\/media\/10293"}],"wp:attachment":[{"href":"https:\/\/www.hapy-com.fr\/echoppe\/wp-json\/wp\/v2\/media?parent=26619"}],"wp:term":[{"taxonomy":"product_cat","embeddable":true,"href":"https:\/\/www.hapy-com.fr\/echoppe\/wp-json\/wp\/v2\/product_cat?post=26619"},{"taxonomy":"product_tag","embeddable":true,"href":"https:\/\/www.hapy-com.fr\/echoppe\/wp-json\/wp\/v2\/product_tag?post=26619"}],"curies":[{"name":"wp","href":"https:\/\/api.w.org\/{rel}","templated":true}]}}