{"id":26621,"date":"2022-06-24T14:53:05","date_gmt":"2022-06-24T12:53:05","guid":{"rendered":"http:\/\/www.hapy-com.fr\/echoppe\/product\/bec-pompe-a-vide-hoxmar\/"},"modified":"2022-06-24T14:53:05","modified_gmt":"2022-06-24T12:53:05","slug":"bec-pompe-a-vide-hoxmar","status":"publish","type":"product","link":"https:\/\/www.hapy-com.fr\/echoppe\/product\/bec-pompe-a-vide-hoxmar\/","title":{"rendered":"Bec Pompe \u00e0 Vide Hoxmar"},"content":{"rendered":"<p>Bouchon de bouteille de vin en ABS avec AIR POMPE pour vider l\u00b4air et permettre une meilleure conservation et au design noir \u00e9l\u00e9gant. Pr\u00e9sentation sous boite individuelle.<\/p>\n","protected":false},"excerpt":{"rendered":"<p>Bouchon de bouteille de vin en ABS avec AIR POMPE pour vider l\u00b4air et permettre une meilleure conservation et au design noir \u00e9l\u00e9gant. Pr\u00e9sentation sous boite individuelle.<\/p>\n","protected":false},"featured_media":10295,"template":"","meta":[],"product_cat":[345],"product_tag":[],"class_list":{"0":"post-26621","1":"product","2":"type-product","3":"status-publish","4":"has-post-thumbnail","6":"product_cat-accessoires","8":"first","9":"instock","10":"shipping-taxable","11":"purchasable","12":"product-type-simple"},"_links":{"self":[{"href":"https:\/\/www.hapy-com.fr\/echoppe\/wp-json\/wp\/v2\/product\/26621","targetHints":{"allow":["GET"]}}],"collection":[{"href":"https:\/\/www.hapy-com.fr\/echoppe\/wp-json\/wp\/v2\/product"}],"about":[{"href":"https:\/\/www.hapy-com.fr\/echoppe\/wp-json\/wp\/v2\/types\/product"}],"wp:featuredmedia":[{"embeddable":true,"href":"https:\/\/www.hapy-com.fr\/echoppe\/wp-json\/wp\/v2\/media\/10295"}],"wp:attachment":[{"href":"https:\/\/www.hapy-com.fr\/echoppe\/wp-json\/wp\/v2\/media?parent=26621"}],"wp:term":[{"taxonomy":"product_cat","embeddable":true,"href":"https:\/\/www.hapy-com.fr\/echoppe\/wp-json\/wp\/v2\/product_cat?post=26621"},{"taxonomy":"product_tag","embeddable":true,"href":"https:\/\/www.hapy-com.fr\/echoppe\/wp-json\/wp\/v2\/product_tag?post=26621"}],"curies":[{"name":"wp","href":"https:\/\/api.w.org\/{rel}","templated":true}]}}