{"id":26623,"date":"2022-06-24T14:53:05","date_gmt":"2022-06-24T12:53:05","guid":{"rendered":"http:\/\/www.hapy-com.fr\/echoppe\/product\/set-vin-nitol-2\/"},"modified":"2022-06-24T14:53:05","modified_gmt":"2022-06-24T12:53:05","slug":"set-vin-nitol-2","status":"publish","type":"product","link":"https:\/\/www.hapy-com.fr\/echoppe\/product\/set-vin-nitol-2\/","title":{"rendered":"Set Vin Nitol"},"content":{"rendered":"<p>Set ensemble \u00e0 vin en coffret \u00e9l\u00e9gant en bambou verni. Accessoires : un tire-bouchon \u00e0 2 crans avec coupe-capsule et d\u00e9capsuleur, un bouchon \u00e9l\u00e9gant et un anneau anti-gouttes, aux finitions bambou verni.<\/p>\n","protected":false},"excerpt":{"rendered":"<p>Set ensemble \u00e0 vin en coffret \u00e9l\u00e9gant en bambou verni. Accessoires : un tire-bouchon \u00e0 2 crans avec coupe-capsule et d\u00e9capsuleur, un bouchon \u00e9l\u00e9gant et un anneau anti-gouttes, aux finitions&#8230;<\/p>\n","protected":false},"featured_media":10301,"template":"","meta":[],"product_cat":[345],"product_tag":[],"class_list":{"0":"post-26623","1":"product","2":"type-product","3":"status-publish","4":"has-post-thumbnail","6":"product_cat-accessoires","8":"first","9":"instock","10":"shipping-taxable","11":"purchasable","12":"product-type-simple"},"_links":{"self":[{"href":"https:\/\/www.hapy-com.fr\/echoppe\/wp-json\/wp\/v2\/product\/26623","targetHints":{"allow":["GET"]}}],"collection":[{"href":"https:\/\/www.hapy-com.fr\/echoppe\/wp-json\/wp\/v2\/product"}],"about":[{"href":"https:\/\/www.hapy-com.fr\/echoppe\/wp-json\/wp\/v2\/types\/product"}],"wp:featuredmedia":[{"embeddable":true,"href":"https:\/\/www.hapy-com.fr\/echoppe\/wp-json\/wp\/v2\/media\/10301"}],"wp:attachment":[{"href":"https:\/\/www.hapy-com.fr\/echoppe\/wp-json\/wp\/v2\/media?parent=26623"}],"wp:term":[{"taxonomy":"product_cat","embeddable":true,"href":"https:\/\/www.hapy-com.fr\/echoppe\/wp-json\/wp\/v2\/product_cat?post=26623"},{"taxonomy":"product_tag","embeddable":true,"href":"https:\/\/www.hapy-com.fr\/echoppe\/wp-json\/wp\/v2\/product_tag?post=26623"}],"curies":[{"name":"wp","href":"https:\/\/api.w.org\/{rel}","templated":true}]}}