{"id":26624,"date":"2022-06-24T14:53:05","date_gmt":"2022-06-24T12:53:05","guid":{"rendered":"http:\/\/www.hapy-com.fr\/echoppe\/product\/set-vin-boriax-2\/"},"modified":"2022-06-24T14:53:05","modified_gmt":"2022-06-24T12:53:05","slug":"set-vin-boriax-2","status":"publish","type":"product","link":"https:\/\/www.hapy-com.fr\/echoppe\/product\/set-vin-boriax-2\/","title":{"rendered":"Set Vin Boriax"},"content":{"rendered":"<p>Service pour vin haut de gamme fini en bois de bambou. Accessoires en acier inoxydable : un tire-bouchon \u00e0 2 crans avec coupe-capsule et d\u00e9capsuleur, un bouchon \u00e9l\u00e9gant, un bec verseur et un anneau anti-gouttes. Pr\u00e9sent\u00e9 dans une caisse individuelle en bois de bambou, pour bouteille de vin (non incluse)<\/p>\n","protected":false},"excerpt":{"rendered":"<p>Service pour vin haut de gamme fini en bois de bambou. Accessoires en acier inoxydable : un tire-bouchon \u00e0 2 crans avec coupe-capsule et d\u00e9capsuleur, un bouchon \u00e9l\u00e9gant, un bec&#8230;<\/p>\n","protected":false},"featured_media":10303,"template":"","meta":[],"product_cat":[345],"product_tag":[],"class_list":{"0":"post-26624","1":"product","2":"type-product","3":"status-publish","4":"has-post-thumbnail","6":"product_cat-accessoires","8":"first","9":"instock","10":"shipping-taxable","11":"purchasable","12":"product-type-simple"},"_links":{"self":[{"href":"https:\/\/www.hapy-com.fr\/echoppe\/wp-json\/wp\/v2\/product\/26624","targetHints":{"allow":["GET"]}}],"collection":[{"href":"https:\/\/www.hapy-com.fr\/echoppe\/wp-json\/wp\/v2\/product"}],"about":[{"href":"https:\/\/www.hapy-com.fr\/echoppe\/wp-json\/wp\/v2\/types\/product"}],"wp:featuredmedia":[{"embeddable":true,"href":"https:\/\/www.hapy-com.fr\/echoppe\/wp-json\/wp\/v2\/media\/10303"}],"wp:attachment":[{"href":"https:\/\/www.hapy-com.fr\/echoppe\/wp-json\/wp\/v2\/media?parent=26624"}],"wp:term":[{"taxonomy":"product_cat","embeddable":true,"href":"https:\/\/www.hapy-com.fr\/echoppe\/wp-json\/wp\/v2\/product_cat?post=26624"},{"taxonomy":"product_tag","embeddable":true,"href":"https:\/\/www.hapy-com.fr\/echoppe\/wp-json\/wp\/v2\/product_tag?post=26624"}],"curies":[{"name":"wp","href":"https:\/\/api.w.org\/{rel}","templated":true}]}}