{"id":26625,"date":"2022-06-24T14:53:05","date_gmt":"2022-06-24T12:53:05","guid":{"rendered":"http:\/\/www.hapy-com.fr\/echoppe\/product\/set-vin-kazan-2\/"},"modified":"2022-06-24T14:53:05","modified_gmt":"2022-06-24T12:53:05","slug":"set-vin-kazan-2","status":"publish","type":"product","link":"https:\/\/www.hapy-com.fr\/echoppe\/product\/set-vin-kazan-2\/","title":{"rendered":"Set Vin Kazan"},"content":{"rendered":"<p>Set \u00e0 vin avec tire-bouchon en forme de bouteille de vin et bouchon avec pompe \u00e0 vide. Pr\u00e9sent\u00e9 dans une boite cadeau noir avec protection en mousse.<\/p>\n","protected":false},"excerpt":{"rendered":"<p>Set \u00e0 vin avec tire-bouchon en forme de bouteille de vin et bouchon avec pompe \u00e0 vide. Pr\u00e9sent\u00e9 dans une boite cadeau noir avec protection en mousse.<\/p>\n","protected":false},"featured_media":10305,"template":"","meta":[],"product_cat":[345],"product_tag":[],"class_list":{"0":"post-26625","1":"product","2":"type-product","3":"status-publish","4":"has-post-thumbnail","6":"product_cat-accessoires","8":"first","9":"instock","10":"shipping-taxable","11":"purchasable","12":"product-type-simple"},"_links":{"self":[{"href":"https:\/\/www.hapy-com.fr\/echoppe\/wp-json\/wp\/v2\/product\/26625","targetHints":{"allow":["GET"]}}],"collection":[{"href":"https:\/\/www.hapy-com.fr\/echoppe\/wp-json\/wp\/v2\/product"}],"about":[{"href":"https:\/\/www.hapy-com.fr\/echoppe\/wp-json\/wp\/v2\/types\/product"}],"wp:featuredmedia":[{"embeddable":true,"href":"https:\/\/www.hapy-com.fr\/echoppe\/wp-json\/wp\/v2\/media\/10305"}],"wp:attachment":[{"href":"https:\/\/www.hapy-com.fr\/echoppe\/wp-json\/wp\/v2\/media?parent=26625"}],"wp:term":[{"taxonomy":"product_cat","embeddable":true,"href":"https:\/\/www.hapy-com.fr\/echoppe\/wp-json\/wp\/v2\/product_cat?post=26625"},{"taxonomy":"product_tag","embeddable":true,"href":"https:\/\/www.hapy-com.fr\/echoppe\/wp-json\/wp\/v2\/product_tag?post=26625"}],"curies":[{"name":"wp","href":"https:\/\/api.w.org\/{rel}","templated":true}]}}