{"id":26647,"date":"2022-06-24T14:53:23","date_gmt":"2022-06-24T12:53:23","guid":{"rendered":"http:\/\/www.hapy-com.fr\/echoppe\/product\/bracelet-festak-6\/"},"modified":"2022-06-24T14:53:23","modified_gmt":"2022-06-24T12:53:23","slug":"bracelet-festak-6","status":"publish","type":"product","link":"https:\/\/www.hapy-com.fr\/echoppe\/product\/bracelet-festak-6\/","title":{"rendered":"Bracelet Festak"},"content":{"rendered":"<p>Bracelet pour \u00e9v\u00e9nements en polyester r\u00e9sistant et doux. Avec fermeture de s\u00e9curit\u00e9 r\u00e9glable. Encart blanc pour marquage en tampographie. Disponible en diff\u00e9rentes couleurs. Polyester.<\/p>\n","protected":false},"excerpt":{"rendered":"<p>Bracelet pour \u00e9v\u00e9nements en polyester r\u00e9sistant et doux. Avec fermeture de s\u00e9curit\u00e9 r\u00e9glable. Encart blanc pour marquage en tampographie. Disponible en diff\u00e9rentes couleurs. Polyester.<\/p>\n","protected":false},"featured_media":26646,"template":"","meta":[],"product_cat":[345],"product_tag":[],"class_list":{"0":"post-26647","1":"product","2":"type-product","3":"status-publish","4":"has-post-thumbnail","6":"product_cat-accessoires","8":"first","9":"instock","10":"shipping-taxable","11":"purchasable","12":"product-type-simple"},"_links":{"self":[{"href":"https:\/\/www.hapy-com.fr\/echoppe\/wp-json\/wp\/v2\/product\/26647","targetHints":{"allow":["GET"]}}],"collection":[{"href":"https:\/\/www.hapy-com.fr\/echoppe\/wp-json\/wp\/v2\/product"}],"about":[{"href":"https:\/\/www.hapy-com.fr\/echoppe\/wp-json\/wp\/v2\/types\/product"}],"wp:featuredmedia":[{"embeddable":true,"href":"https:\/\/www.hapy-com.fr\/echoppe\/wp-json\/wp\/v2\/media\/26646"}],"wp:attachment":[{"href":"https:\/\/www.hapy-com.fr\/echoppe\/wp-json\/wp\/v2\/media?parent=26647"}],"wp:term":[{"taxonomy":"product_cat","embeddable":true,"href":"https:\/\/www.hapy-com.fr\/echoppe\/wp-json\/wp\/v2\/product_cat?post=26647"},{"taxonomy":"product_tag","embeddable":true,"href":"https:\/\/www.hapy-com.fr\/echoppe\/wp-json\/wp\/v2\/product_tag?post=26647"}],"curies":[{"name":"wp","href":"https:\/\/api.w.org\/{rel}","templated":true}]}}