{"id":26668,"date":"2022-06-24T14:53:41","date_gmt":"2022-06-24T12:53:41","guid":{"rendered":"http:\/\/www.hapy-com.fr\/echoppe\/product\/bracelet-ankaran-10\/"},"modified":"2022-06-24T14:53:41","modified_gmt":"2022-06-24T12:53:41","slug":"bracelet-ankaran-10","status":"publish","type":"product","link":"https:\/\/www.hapy-com.fr\/echoppe\/product\/bracelet-ankaran-10\/","title":{"rendered":"Bracelet Ankaran"},"content":{"rendered":"<p>Bracelet pour \u00e9v\u00e9nements en fibre synth\u00e9tique. Avec fermeture adh\u00e9sive, \u00e9tanche et pr\u00e9sent\u00e9 en plaque d\u00e9coup\u00e9e de 10 pi\u00e8ces avec num\u00e9rotation individuelle. Disponible en diff\u00e9rentes couleurs. TU Adulte . Tyvek<\/p>\n","protected":false},"excerpt":{"rendered":"<p>Bracelet pour \u00e9v\u00e9nements en fibre synth\u00e9tique. Avec fermeture adh\u00e9sive, \u00e9tanche et pr\u00e9sent\u00e9 en plaque d\u00e9coup\u00e9e de 10 pi\u00e8ces avec num\u00e9rotation individuelle. Disponible en diff\u00e9rentes couleurs. TU Adulte . Tyvek<\/p>\n","protected":false},"featured_media":26667,"template":"","meta":[],"product_cat":[345],"product_tag":[],"class_list":{"0":"post-26668","1":"product","2":"type-product","3":"status-publish","4":"has-post-thumbnail","6":"product_cat-accessoires","8":"first","9":"instock","10":"shipping-taxable","11":"purchasable","12":"product-type-simple"},"_links":{"self":[{"href":"https:\/\/www.hapy-com.fr\/echoppe\/wp-json\/wp\/v2\/product\/26668","targetHints":{"allow":["GET"]}}],"collection":[{"href":"https:\/\/www.hapy-com.fr\/echoppe\/wp-json\/wp\/v2\/product"}],"about":[{"href":"https:\/\/www.hapy-com.fr\/echoppe\/wp-json\/wp\/v2\/types\/product"}],"wp:featuredmedia":[{"embeddable":true,"href":"https:\/\/www.hapy-com.fr\/echoppe\/wp-json\/wp\/v2\/media\/26667"}],"wp:attachment":[{"href":"https:\/\/www.hapy-com.fr\/echoppe\/wp-json\/wp\/v2\/media?parent=26668"}],"wp:term":[{"taxonomy":"product_cat","embeddable":true,"href":"https:\/\/www.hapy-com.fr\/echoppe\/wp-json\/wp\/v2\/product_cat?post=26668"},{"taxonomy":"product_tag","embeddable":true,"href":"https:\/\/www.hapy-com.fr\/echoppe\/wp-json\/wp\/v2\/product_tag?post=26668"}],"curies":[{"name":"wp","href":"https:\/\/api.w.org\/{rel}","templated":true}]}}