{"id":26669,"date":"2022-06-24T14:53:41","date_gmt":"2022-06-24T12:53:41","guid":{"rendered":"http:\/\/www.hapy-com.fr\/echoppe\/product\/brosse-a-dents-cleidol\/"},"modified":"2022-06-24T14:53:41","modified_gmt":"2022-06-24T12:53:41","slug":"brosse-a-dents-cleidol","status":"publish","type":"product","link":"https:\/\/www.hapy-com.fr\/echoppe\/product\/brosse-a-dents-cleidol\/","title":{"rendered":"Brosse \u00e0 Dents Cleidol"},"content":{"rendered":"<p>Brosse \u00e0 dents de la gamme \u00e9co-friendly. Fabriqu\u00e9e en paille de bl\u00e9, pour encourager l\u00b4utilisation de mati\u00e8res premi\u00e8res naturelles et r\u00e9duire les \u00e9missions polluantes. Avec pochette de protection.<\/p>\n","protected":false},"excerpt":{"rendered":"<p>Brosse \u00e0 dents de la gamme \u00e9co-friendly. Fabriqu\u00e9e en paille de bl\u00e9, pour encourager l\u00b4utilisation de mati\u00e8res premi\u00e8res naturelles et r\u00e9duire les \u00e9missions polluantes. Avec pochette de protection.<\/p>\n","protected":false},"featured_media":10329,"template":"","meta":[],"product_cat":[345],"product_tag":[],"class_list":{"0":"post-26669","1":"product","2":"type-product","3":"status-publish","4":"has-post-thumbnail","6":"product_cat-accessoires","8":"first","9":"instock","10":"shipping-taxable","11":"purchasable","12":"product-type-simple"},"_links":{"self":[{"href":"https:\/\/www.hapy-com.fr\/echoppe\/wp-json\/wp\/v2\/product\/26669","targetHints":{"allow":["GET"]}}],"collection":[{"href":"https:\/\/www.hapy-com.fr\/echoppe\/wp-json\/wp\/v2\/product"}],"about":[{"href":"https:\/\/www.hapy-com.fr\/echoppe\/wp-json\/wp\/v2\/types\/product"}],"wp:featuredmedia":[{"embeddable":true,"href":"https:\/\/www.hapy-com.fr\/echoppe\/wp-json\/wp\/v2\/media\/10329"}],"wp:attachment":[{"href":"https:\/\/www.hapy-com.fr\/echoppe\/wp-json\/wp\/v2\/media?parent=26669"}],"wp:term":[{"taxonomy":"product_cat","embeddable":true,"href":"https:\/\/www.hapy-com.fr\/echoppe\/wp-json\/wp\/v2\/product_cat?post=26669"},{"taxonomy":"product_tag","embeddable":true,"href":"https:\/\/www.hapy-com.fr\/echoppe\/wp-json\/wp\/v2\/product_tag?post=26669"}],"curies":[{"name":"wp","href":"https:\/\/api.w.org\/{rel}","templated":true}]}}