{"id":26677,"date":"2022-06-24T14:53:44","date_gmt":"2022-06-24T12:53:44","guid":{"rendered":"http:\/\/www.hapy-com.fr\/echoppe\/product\/decanteur-pikerson\/"},"modified":"2022-06-24T14:53:44","modified_gmt":"2022-06-24T12:53:44","slug":"decanteur-pikerson","status":"publish","type":"product","link":"https:\/\/www.hapy-com.fr\/echoppe\/product\/decanteur-pikerson\/","title":{"rendered":"D\u00e9canteur Pikerson"},"content":{"rendered":"<p>D\u00e9canteur, carafe \u00e0 vin en verre d\u00b4une capacit\u00e9 de 1,8 L, avec un design \u00e9pur\u00e9 et une forme qui favorise l\u00b4anti-goutte. Pr\u00e9sent\u00e9 dans un  coffret design avec protection interne.<\/p>\n","protected":false},"excerpt":{"rendered":"<p>D\u00e9canteur, carafe \u00e0 vin en verre d\u00b4une capacit\u00e9 de 1,8 L, avec un design \u00e9pur\u00e9 et une forme qui favorise l\u00b4anti-goutte. Pr\u00e9sent\u00e9 dans un coffret design avec protection interne.<\/p>\n","protected":false},"featured_media":10340,"template":"","meta":[],"product_cat":[345],"product_tag":[],"class_list":{"0":"post-26677","1":"product","2":"type-product","3":"status-publish","4":"has-post-thumbnail","6":"product_cat-accessoires","8":"first","9":"instock","10":"shipping-taxable","11":"purchasable","12":"product-type-simple"},"_links":{"self":[{"href":"https:\/\/www.hapy-com.fr\/echoppe\/wp-json\/wp\/v2\/product\/26677","targetHints":{"allow":["GET"]}}],"collection":[{"href":"https:\/\/www.hapy-com.fr\/echoppe\/wp-json\/wp\/v2\/product"}],"about":[{"href":"https:\/\/www.hapy-com.fr\/echoppe\/wp-json\/wp\/v2\/types\/product"}],"wp:featuredmedia":[{"embeddable":true,"href":"https:\/\/www.hapy-com.fr\/echoppe\/wp-json\/wp\/v2\/media\/10340"}],"wp:attachment":[{"href":"https:\/\/www.hapy-com.fr\/echoppe\/wp-json\/wp\/v2\/media?parent=26677"}],"wp:term":[{"taxonomy":"product_cat","embeddable":true,"href":"https:\/\/www.hapy-com.fr\/echoppe\/wp-json\/wp\/v2\/product_cat?post=26677"},{"taxonomy":"product_tag","embeddable":true,"href":"https:\/\/www.hapy-com.fr\/echoppe\/wp-json\/wp\/v2\/product_tag?post=26677"}],"curies":[{"name":"wp","href":"https:\/\/api.w.org\/{rel}","templated":true}]}}