{"id":26678,"date":"2022-06-24T14:53:44","date_gmt":"2022-06-24T12:53:44","guid":{"rendered":"http:\/\/www.hapy-com.fr\/echoppe\/product\/brosse-a-dents-korol\/"},"modified":"2022-06-24T14:53:44","modified_gmt":"2022-06-24T12:53:44","slug":"brosse-a-dents-korol","status":"publish","type":"product","link":"https:\/\/www.hapy-com.fr\/echoppe\/product\/brosse-a-dents-korol\/","title":{"rendered":"Brosse \u00e0 Dents Korol"},"content":{"rendered":"<p>Brosse \u00e0 dents, gamme \u00e9co-friendly, en bambou et avec support de la m\u00eame mati\u00e8re. Pr\u00e9sent\u00e9 dans un coffret \u00e9co design individuel.<\/p>\n","protected":false},"excerpt":{"rendered":"<p>Brosse \u00e0 dents, gamme \u00e9co-friendly, en bambou et avec support de la m\u00eame mati\u00e8re. Pr\u00e9sent\u00e9 dans un coffret \u00e9co design individuel.<\/p>\n","protected":false},"featured_media":10342,"template":"","meta":[],"product_cat":[345],"product_tag":[],"class_list":{"0":"post-26678","1":"product","2":"type-product","3":"status-publish","4":"has-post-thumbnail","6":"product_cat-accessoires","8":"first","9":"instock","10":"shipping-taxable","11":"purchasable","12":"product-type-simple"},"_links":{"self":[{"href":"https:\/\/www.hapy-com.fr\/echoppe\/wp-json\/wp\/v2\/product\/26678","targetHints":{"allow":["GET"]}}],"collection":[{"href":"https:\/\/www.hapy-com.fr\/echoppe\/wp-json\/wp\/v2\/product"}],"about":[{"href":"https:\/\/www.hapy-com.fr\/echoppe\/wp-json\/wp\/v2\/types\/product"}],"wp:featuredmedia":[{"embeddable":true,"href":"https:\/\/www.hapy-com.fr\/echoppe\/wp-json\/wp\/v2\/media\/10342"}],"wp:attachment":[{"href":"https:\/\/www.hapy-com.fr\/echoppe\/wp-json\/wp\/v2\/media?parent=26678"}],"wp:term":[{"taxonomy":"product_cat","embeddable":true,"href":"https:\/\/www.hapy-com.fr\/echoppe\/wp-json\/wp\/v2\/product_cat?post=26678"},{"taxonomy":"product_tag","embeddable":true,"href":"https:\/\/www.hapy-com.fr\/echoppe\/wp-json\/wp\/v2\/product_tag?post=26678"}],"curies":[{"name":"wp","href":"https:\/\/api.w.org\/{rel}","templated":true}]}}